{"id":1113,"date":"2024-02-19T19:15:04","date_gmt":"2024-02-19T19:15:04","guid":{"rendered":"https:\/\/staging.dev-be.child-help.international\/?page_id=1113"},"modified":"2024-02-28T13:03:54","modified_gmt":"2024-02-28T13:03:54","slug":"wat-we-doen","status":"publish","type":"page","link":"https:\/\/dev-be.child-help.international\/fr\/over\/wat-we-doen\/","title":{"rendered":"Ce que nous faisons"},"content":{"rendered":"<p>Child-Help est tout particuli\u00e8rement engag\u00e9 dans l\u2019aide \u00e0 apporter aux enfants atteints de spina-bifida et d'hydroc\u00e9phalie dans les pays en d\u00e9veloppement. Une intervention chirurgicale s\u2019impose d\u00e8s apr\u00e8s la naissance.<\/p>\n<p>En cas de spina-bifida, le dos doit \u00eatre referm\u00e9 chirurgicalement et si le b\u00e9b\u00e9 d\u00e9veloppe une hydroc\u00e9phalie, une d\u00e9rivation doit \u00eatre implant\u00e9e dans sa t\u00eate pour drainer l'exc\u00e8s de liquide c\u00e9phalo-rachidien. Pour garantir la qualit\u00e9 des soins, il faut former toutes les personnes impliqu\u00e9es : enfants, parents, organisations d'entraide, infirmi\u00e8res, p\u00e9diatres, personnel param\u00e9dical et chirurgiens.<\/p>\n<p><img loading=\"lazy\" decoding=\"async\" class=\"wp-image-1114 size-full alignleft\" src=\"https:\/\/staging.dev-be.child-help.international\/wp-content\/uploads\/sites\/12\/2024\/02\/Child-Help-goede-doel-voor-kinderen.jpg\" alt=\"\" width=\"450\" height=\"300\" srcset=\"https:\/\/dev-be.child-help.international\/wp-content\/uploads\/sites\/12\/2024\/02\/Child-Help-goede-doel-voor-kinderen.jpg 450w, https:\/\/dev-be.child-help.international\/wp-content\/uploads\/sites\/12\/2024\/02\/Child-Help-goede-doel-voor-kinderen-300x200.jpg 300w\" sizes=\"auto, (max-width: 450px) 100vw, 450px\" \/><\/p>\n<p>&nbsp;<\/p>\n<p>Si n\u00e9cessaire, Child-Help fournit le mat\u00e9riel m\u00e9dical manquant et soutient les groupes de parents dans tous les projets.<\/p>\n<p>Child-Help travaille avec des partenaires locaux pour mettre en place des programmes qui aideront ces enfants et leurs parents leur vie durant.<\/p>\n<p>Trait\u00e9s \u00e0 temps, ces enfants peuvent mener une vie \u00e9panouie dans leur famille, leur quartier et \u00e0 l'\u00e9cole.<\/p>\n<p>Child-Help contribue \u00e9galement \u00e0 la pr\u00e9vention du spina-bifida en distribuant des comprim\u00e9s d'acide folique aux femmes enceintes et en faisant pression pour l\u2019enrichissement des aliments.<\/p>","protected":false},"excerpt":{"rendered":"<p>Child-Help zet zich vooral in voor kinderen met spina bifida en hydrocefalie in ontwikkelingslanden. Kort na de geboorte betekent dit een operatie. De rug moet operatief worden gesloten en als de baby hydrocefalie ontwikkelt, heeft het een shunt nodig om het overtollige hersenvocht af te voeren. Om de kwaliteit van de zorg te garanderen, is [&hellip;]<\/p>","protected":false},"author":4,"featured_media":0,"parent":172,"menu_order":0,"comment_status":"closed","ping_status":"closed","template":"","meta":{"_acf_changed":false,"inline_featured_image":false,"footnotes":""},"class_list":["post-1113","page","type-page","status-publish","hentry"],"acf":[],"yoast_head":"<!-- This site is optimized with the Yoast SEO plugin v27.0 - https:\/\/yoast.com\/product\/yoast-seo-wordpress\/ -->\n<title>Wat we doen - ChildHelp BE<\/title>\n<meta name=\"robots\" content=\"index, follow, max-snippet:-1, max-image-preview:large, max-video-preview:-1\" \/>\n<link rel=\"canonical\" href=\"https:\/\/dev-be.child-help.international\/fr\/over\/wat-we-doen\/\" \/>\n<meta property=\"og:locale\" content=\"fr_FR\" \/>\n<meta property=\"og:type\" content=\"article\" \/>\n<meta property=\"og:title\" content=\"Wat we doen - ChildHelp BE\" \/>\n<meta property=\"og:description\" content=\"Child-Help zet zich vooral in voor kinderen met spina bifida en hydrocefalie in ontwikkelingslanden. Kort na de geboorte betekent dit een operatie. De rug moet operatief worden gesloten en als de baby hydrocefalie ontwikkelt, heeft het een shunt nodig om het overtollige hersenvocht af te voeren. Om de kwaliteit van de zorg te garanderen, is [&hellip;]\" \/>\n<meta property=\"og:url\" content=\"https:\/\/dev-be.child-help.international\/fr\/over\/wat-we-doen\/\" \/>\n<meta property=\"og:site_name\" content=\"ChildHelp BE\" \/>\n<meta property=\"article:publisher\" content=\"https:\/\/www.facebook.com\/CHInternational\/\" \/>\n<meta property=\"article:modified_time\" content=\"2024-02-28T13:03:54+00:00\" \/>\n<meta property=\"og:image\" content=\"https:\/\/staging.dev-be.child-help.international\/wp-content\/uploads\/sites\/12\/2024\/02\/Child-Help-goede-doel-voor-kinderen.jpg\" \/>\n<meta name=\"twitter:card\" content=\"summary_large_image\" \/>\n<meta name=\"twitter:label1\" content=\"Dur\u00e9e de lecture est.\" \/>\n\t<meta name=\"twitter:data1\" content=\"1 minute\" \/>\n<script type=\"application\/ld+json\" class=\"yoast-schema-graph\">{\"@context\":\"https:\/\/schema.org\",\"@graph\":[{\"@type\":\"WebPage\",\"@id\":\"https:\/\/dev-be.child-help.international\/fr\/over\/wat-we-doen\/\",\"url\":\"https:\/\/dev-be.child-help.international\/fr\/over\/wat-we-doen\/\",\"name\":\"Wat we doen - ChildHelp BE\",\"isPartOf\":{\"@id\":\"https:\/\/dev-be.child-help.international\/fr\/#website\"},\"primaryImageOfPage\":{\"@id\":\"https:\/\/dev-be.child-help.international\/fr\/over\/wat-we-doen\/#primaryimage\"},\"image\":{\"@id\":\"https:\/\/dev-be.child-help.international\/fr\/over\/wat-we-doen\/#primaryimage\"},\"thumbnailUrl\":\"https:\/\/staging.dev-be.child-help.international\/wp-content\/uploads\/sites\/12\/2024\/02\/Child-Help-goede-doel-voor-kinderen.jpg\",\"datePublished\":\"2024-02-19T19:15:04+00:00\",\"dateModified\":\"2024-02-28T13:03:54+00:00\",\"breadcrumb\":{\"@id\":\"https:\/\/dev-be.child-help.international\/fr\/over\/wat-we-doen\/#breadcrumb\"},\"inLanguage\":\"fr-BE\",\"potentialAction\":[{\"@type\":\"ReadAction\",\"target\":[\"https:\/\/dev-be.child-help.international\/fr\/over\/wat-we-doen\/\"]}]},{\"@type\":\"ImageObject\",\"inLanguage\":\"fr-BE\",\"@id\":\"https:\/\/dev-be.child-help.international\/fr\/over\/wat-we-doen\/#primaryimage\",\"url\":\"https:\/\/staging.dev-be.child-help.international\/wp-content\/uploads\/sites\/12\/2024\/02\/Child-Help-goede-doel-voor-kinderen.jpg\",\"contentUrl\":\"https:\/\/staging.dev-be.child-help.international\/wp-content\/uploads\/sites\/12\/2024\/02\/Child-Help-goede-doel-voor-kinderen.jpg\"},{\"@type\":\"BreadcrumbList\",\"@id\":\"https:\/\/dev-be.child-help.international\/fr\/over\/wat-we-doen\/#breadcrumb\",\"itemListElement\":[{\"@type\":\"ListItem\",\"position\":1,\"name\":\"Home\",\"item\":\"https:\/\/dev-be.child-help.international\/\"},{\"@type\":\"ListItem\",\"position\":2,\"name\":\"Over ons\",\"item\":\"https:\/\/dev-be.child-help.international\/over\/\"},{\"@type\":\"ListItem\",\"position\":3,\"name\":\"Wat we doen\"}]},{\"@type\":\"WebSite\",\"@id\":\"https:\/\/dev-be.child-help.international\/fr\/#website\",\"url\":\"https:\/\/dev-be.child-help.international\/fr\/\",\"name\":\"Child-Help Belgium\",\"description\":\"\",\"publisher\":{\"@id\":\"https:\/\/dev-be.child-help.international\/fr\/#organization\"},\"potentialAction\":[{\"@type\":\"SearchAction\",\"target\":{\"@type\":\"EntryPoint\",\"urlTemplate\":\"https:\/\/dev-be.child-help.international\/fr\/?s={search_term_string}\"},\"query-input\":{\"@type\":\"PropertyValueSpecification\",\"valueRequired\":true,\"valueName\":\"search_term_string\"}}],\"inLanguage\":\"fr-BE\"},{\"@type\":\"Organization\",\"@id\":\"https:\/\/dev-be.child-help.international\/fr\/#organization\",\"name\":\"Child-Help Belgium\",\"url\":\"https:\/\/dev-be.child-help.international\/fr\/\",\"logo\":{\"@type\":\"ImageObject\",\"inLanguage\":\"fr-BE\",\"@id\":\"https:\/\/dev-be.child-help.international\/fr\/#\/schema\/logo\/image\/\",\"url\":\"https:\/\/staging.dev-be.child-help.international\/wp-content\/uploads\/sites\/12\/2023\/10\/logo.png\",\"contentUrl\":\"https:\/\/staging.dev-be.child-help.international\/wp-content\/uploads\/sites\/12\/2023\/10\/logo.png\",\"width\":100,\"height\":58,\"caption\":\"Child-Help Belgium\"},\"image\":{\"@id\":\"https:\/\/dev-be.child-help.international\/fr\/#\/schema\/logo\/image\/\"},\"sameAs\":[\"https:\/\/www.facebook.com\/CHInternational\/\",\"https:\/\/www.instagram.com\/child_help.be\/\"]}]}<\/script>\n<!-- \/ Yoast SEO plugin. -->","yoast_head_json":{"title":"Wat we doen - ChildHelp BE","robots":{"index":"index","follow":"follow","max-snippet":"max-snippet:-1","max-image-preview":"max-image-preview:large","max-video-preview":"max-video-preview:-1"},"canonical":"https:\/\/dev-be.child-help.international\/fr\/over\/wat-we-doen\/","og_locale":"fr_FR","og_type":"article","og_title":"Wat we doen - ChildHelp BE","og_description":"Child-Help zet zich vooral in voor kinderen met spina bifida en hydrocefalie in ontwikkelingslanden. Kort na de geboorte betekent dit een operatie. De rug moet operatief worden gesloten en als de baby hydrocefalie ontwikkelt, heeft het een shunt nodig om het overtollige hersenvocht af te voeren. Om de kwaliteit van de zorg te garanderen, is [&hellip;]","og_url":"https:\/\/dev-be.child-help.international\/fr\/over\/wat-we-doen\/","og_site_name":"ChildHelp BE","article_publisher":"https:\/\/www.facebook.com\/CHInternational\/","article_modified_time":"2024-02-28T13:03:54+00:00","og_image":[{"url":"https:\/\/staging.dev-be.child-help.international\/wp-content\/uploads\/sites\/12\/2024\/02\/Child-Help-goede-doel-voor-kinderen.jpg","type":"","width":"","height":""}],"twitter_card":"summary_large_image","twitter_misc":{"Dur\u00e9e de lecture est.":"1 minute"},"schema":{"@context":"https:\/\/schema.org","@graph":[{"@type":"WebPage","@id":"https:\/\/dev-be.child-help.international\/fr\/over\/wat-we-doen\/","url":"https:\/\/dev-be.child-help.international\/fr\/over\/wat-we-doen\/","name":"Wat we doen - ChildHelp BE","isPartOf":{"@id":"https:\/\/dev-be.child-help.international\/fr\/#website"},"primaryImageOfPage":{"@id":"https:\/\/dev-be.child-help.international\/fr\/over\/wat-we-doen\/#primaryimage"},"image":{"@id":"https:\/\/dev-be.child-help.international\/fr\/over\/wat-we-doen\/#primaryimage"},"thumbnailUrl":"https:\/\/staging.dev-be.child-help.international\/wp-content\/uploads\/sites\/12\/2024\/02\/Child-Help-goede-doel-voor-kinderen.jpg","datePublished":"2024-02-19T19:15:04+00:00","dateModified":"2024-02-28T13:03:54+00:00","breadcrumb":{"@id":"https:\/\/dev-be.child-help.international\/fr\/over\/wat-we-doen\/#breadcrumb"},"inLanguage":"fr-BE","potentialAction":[{"@type":"ReadAction","target":["https:\/\/dev-be.child-help.international\/fr\/over\/wat-we-doen\/"]}]},{"@type":"ImageObject","inLanguage":"fr-BE","@id":"https:\/\/dev-be.child-help.international\/fr\/over\/wat-we-doen\/#primaryimage","url":"https:\/\/staging.dev-be.child-help.international\/wp-content\/uploads\/sites\/12\/2024\/02\/Child-Help-goede-doel-voor-kinderen.jpg","contentUrl":"https:\/\/staging.dev-be.child-help.international\/wp-content\/uploads\/sites\/12\/2024\/02\/Child-Help-goede-doel-voor-kinderen.jpg"},{"@type":"BreadcrumbList","@id":"https:\/\/dev-be.child-help.international\/fr\/over\/wat-we-doen\/#breadcrumb","itemListElement":[{"@type":"ListItem","position":1,"name":"Home","item":"https:\/\/dev-be.child-help.international\/"},{"@type":"ListItem","position":2,"name":"Over ons","item":"https:\/\/dev-be.child-help.international\/over\/"},{"@type":"ListItem","position":3,"name":"Wat we doen"}]},{"@type":"WebSite","@id":"https:\/\/dev-be.child-help.international\/fr\/#website","url":"https:\/\/dev-be.child-help.international\/fr\/","name":"Child-Help Belgium","description":"","publisher":{"@id":"https:\/\/dev-be.child-help.international\/fr\/#organization"},"potentialAction":[{"@type":"SearchAction","target":{"@type":"EntryPoint","urlTemplate":"https:\/\/dev-be.child-help.international\/fr\/?s={search_term_string}"},"query-input":{"@type":"PropertyValueSpecification","valueRequired":true,"valueName":"search_term_string"}}],"inLanguage":"fr-BE"},{"@type":"Organization","@id":"https:\/\/dev-be.child-help.international\/fr\/#organization","name":"Child-Help Belgium","url":"https:\/\/dev-be.child-help.international\/fr\/","logo":{"@type":"ImageObject","inLanguage":"fr-BE","@id":"https:\/\/dev-be.child-help.international\/fr\/#\/schema\/logo\/image\/","url":"https:\/\/staging.dev-be.child-help.international\/wp-content\/uploads\/sites\/12\/2023\/10\/logo.png","contentUrl":"https:\/\/staging.dev-be.child-help.international\/wp-content\/uploads\/sites\/12\/2023\/10\/logo.png","width":100,"height":58,"caption":"Child-Help Belgium"},"image":{"@id":"https:\/\/dev-be.child-help.international\/fr\/#\/schema\/logo\/image\/"},"sameAs":["https:\/\/www.facebook.com\/CHInternational\/","https:\/\/www.instagram.com\/child_help.be\/"]}]}},"_links":{"self":[{"href":"https:\/\/dev-be.child-help.international\/fr\/wp-json\/wp\/v2\/pages\/1113","targetHints":{"allow":["GET"]}}],"collection":[{"href":"https:\/\/dev-be.child-help.international\/fr\/wp-json\/wp\/v2\/pages"}],"about":[{"href":"https:\/\/dev-be.child-help.international\/fr\/wp-json\/wp\/v2\/types\/page"}],"author":[{"embeddable":true,"href":"https:\/\/dev-be.child-help.international\/fr\/wp-json\/wp\/v2\/users\/4"}],"replies":[{"embeddable":true,"href":"https:\/\/dev-be.child-help.international\/fr\/wp-json\/wp\/v2\/comments?post=1113"}],"version-history":[{"count":1,"href":"https:\/\/dev-be.child-help.international\/fr\/wp-json\/wp\/v2\/pages\/1113\/revisions"}],"predecessor-version":[{"id":1115,"href":"https:\/\/dev-be.child-help.international\/fr\/wp-json\/wp\/v2\/pages\/1113\/revisions\/1115"}],"up":[{"embeddable":true,"href":"https:\/\/dev-be.child-help.international\/fr\/wp-json\/wp\/v2\/pages\/172"}],"wp:attachment":[{"href":"https:\/\/dev-be.child-help.international\/fr\/wp-json\/wp\/v2\/media?parent=1113"}],"curies":[{"name":"wp","href":"https:\/\/api.w.org\/{rel}","templated":true}]}}