{"id":1161,"date":"2024-02-21T14:23:13","date_gmt":"2024-02-21T14:23:13","guid":{"rendered":"https:\/\/staging.dev-be.child-help.international\/?page_id=1161"},"modified":"2024-02-21T14:23:13","modified_gmt":"2024-02-21T14:23:13","slug":"sitemap","status":"publish","type":"page","link":"https:\/\/dev-be.child-help.international\/fr\/sitemap\/","title":{"rendered":"Plan du site"},"content":{"rendered":"<p><div class=\"wsp-container\"><h2 class=\"wsp-pages-title\">Pages<\/h2>\n<ul class=\"wsp-pages-list\">\n<li class=\"page_item page-item-177\"><a href=\"https:\/\/dev-be.child-help.international\/fr\/contact\/\">Contact<\/a><\/li>\n<li class=\"page_item page-item-166\"><a href=\"https:\/\/dev-be.child-help.international\/fr\/cookiebeleid\/\">Politique en mati\u00e8re de cookies<\/a><\/li>\n<li class=\"page_item page-item-456\"><a href=\"https:\/\/dev-be.child-help.international\/fr\/doe-een-gift\/\">Faites un don<\/a><\/li>\n<li class=\"page_item page-item-1560\"><a href=\"https:\/\/dev-be.child-help.international\/fr\/eerstelijnsmeldpunt\/\">Ligne d'assistance de premi\u00e8re ligne<\/a><\/li>\n<li class=\"page_item page-item-1554\"><a href=\"https:\/\/dev-be.child-help.international\/fr\/geef-ons-je-rijksregisternummer-door\/\">Communiquez votre num\u00e9ro de registre national<\/a><\/li>\n<li class=\"page_item page-item-461\"><a href=\"https:\/\/dev-be.child-help.international\/fr\/helpen-als-bedrijf\/\">Aider en tant qu'entreprise<\/a><\/li>\n<li class=\"page_item page-item-459 page_item_has_children\"><a href=\"https:\/\/dev-be.child-help.international\/fr\/help-mee-als-particulier\/\">Comment pouvez-vous nous soutenir ?<\/a>\n<ul class='children'>\n\t<li class=\"page_item page-item-615\"><a href=\"https:\/\/dev-be.child-help.international\/fr\/home\/help-mee-als-particulier\/koop-een-boek\/\">Acheter un livre<\/a><\/li>\n\t<li class=\"page_item page-item-627\"><a href=\"https:\/\/dev-be.child-help.international\/fr\/home\/help-mee-als-particulier\/met-je-school\/\">Avec votre \u00e9cole<\/a><\/li>\n\t<li class=\"page_item page-item-640\"><a href=\"https:\/\/dev-be.child-help.international\/fr\/home\/help-mee-als-particulier\/nalaten-via-uw-testament\/\">L\u00e9guer par testament<\/a><\/li>\n\t<li class=\"page_item page-item-1692\"><a href=\"https:\/\/dev-be.child-help.international\/fr\/home\/help-mee-als-particulier\/onlineinzamelactie\/\">Soutenez Child-Help avec votre propre collecte de fonds en ligne !<\/a><\/li>\n\t<li class=\"page_item page-item-618\"><a href=\"https:\/\/dev-be.child-help.international\/fr\/home\/help-mee-als-particulier\/vrijwilligerswerk-voor-child-help\/\">B\u00e9n\u00e9volat pour l'aide \u00e0 l'enfance<\/a><\/li>\n\t<li class=\"page_item page-item-612\"><a href=\"https:\/\/dev-be.child-help.international\/fr\/home\/help-mee-als-particulier\/zet-een-actie-op\/\">Mise en place d'une action<\/a><\/li>\n<\/ul>\n<\/li>\n<li class=\"page_item page-item-20\"><a href=\"https:\/\/dev-be.child-help.international\/fr\/\">Accueil<\/a><\/li>\n<li class=\"page_item page-item-491\"><a href=\"https:\/\/dev-be.child-help.international\/fr\/landen\/\">Pays<\/a><\/li>\n<li class=\"page_item page-item-172 page_item_has_children\"><a href=\"https:\/\/dev-be.child-help.international\/fr\/over\/\">A propos de nous<\/a>\n<ul class='children'>\n\t<li class=\"page_item page-item-664\"><a href=\"https:\/\/dev-be.child-help.international\/fr\/over\/geschiedenis\/\">30 ans de Child-Help<\/a><\/li>\n\t<li class=\"page_item page-item-1429\"><a href=\"https:\/\/dev-be.child-help.international\/fr\/integriteitsbeleid\/\">Politique d'int\u00e9grit\u00e9<\/a><\/li>\n\t<li class=\"page_item page-item-732\"><a href=\"https:\/\/dev-be.child-help.international\/fr\/over\/links\/\">Liens<\/a><\/li>\n\t<li class=\"page_item page-item-1106\"><a href=\"https:\/\/dev-be.child-help.international\/fr\/over\/missie-en-visie\/\">Mission et vision<\/a><\/li>\n\t<li class=\"page_item page-item-659\"><a href=\"https:\/\/dev-be.child-help.international\/fr\/over\/partners\/\">Partenaires<\/a><\/li>\n\t<li class=\"page_item page-item-1113\"><a href=\"https:\/\/dev-be.child-help.international\/fr\/over\/wat-we-doen\/\">Ce que nous faisons<\/a><\/li>\n\t<li class=\"page_item page-item-656\"><a href=\"https:\/\/dev-be.child-help.international\/fr\/over\/wie-is-wie\/\">Qui est qui<\/a><\/li>\n<\/ul>\n<\/li>\n<li class=\"page_item page-item-164\"><a href=\"https:\/\/dev-be.child-help.international\/fr\/privacybeleid\/\">Politique de confidentialit\u00e9 de Child-Help asbl<\/a><\/li>\n<li class=\"page_item page-item-501\"><a href=\"https:\/\/dev-be.child-help.international\/fr\/projecten-map\/\">Projets<\/a><\/li>\n<li class=\"page_item page-item-635 page_item_has_children\"><a href=\"https:\/\/dev-be.child-help.international\/fr\/publicaties\/\">Publications<\/a>\n<ul class='children'>\n\t<li class=\"page_item page-item-653\"><a href=\"https:\/\/dev-be.child-help.international\/fr\/publicaties\/jaarverslagen\/\">Rapports annuels<\/a><\/li>\n<\/ul>\n<\/li>\n<li class=\"page_item page-item-1762\"><a href=\"https:\/\/dev-be.child-help.international\/fr\/auction-of-shanas-paintings\/\">Shana vend ses peintures aux ench\u00e8res au profit de Child-Help<\/a><\/li>\n<li class=\"page_item page-item-1161\"><a href=\"https:\/\/dev-be.child-help.international\/fr\/sitemap\/\">Plan du site<\/a><\/li>\n<li class=\"page_item page-item-463\"><a href=\"https:\/\/dev-be.child-help.international\/fr\/waarom-helpen\/\">Pourquoi aider ?<\/a><\/li>\n<li class=\"page_item page-item-469\"><a href=\"https:\/\/dev-be.child-help.international\/fr\/wat-doen-we-met-je-donatie\/\">Que faisons-nous de votre don ?<\/a><\/li>\n<\/ul>\n<\/div><br \/>\n<div class=\"wsp-container\"><h2 class=\"wsp-nieuwss-title\">Nouvelles<\/h2>\n<ul class=\"wsp-nieuwss-list\">\n<li><a href=\"https:\/\/dev-be.child-help.international\/fr\/nieuws\/heruitgave-van-het-boek-liesje\/\">R\u00e9\u00e9dition du livre \"Liesje\".<\/a><\/li>\n<li><a href=\"https:\/\/dev-be.child-help.international\/fr\/nieuws\/25-oktober-werelddag-voor-spina-bifida-en-hydrocefalie\/\">25 octobre - Journ\u00e9e mondiale de la spina-bifida et de l'hydroc\u00e9phalie<\/a><\/li>\n<li><a href=\"https:\/\/dev-be.child-help.international\/fr\/nieuws\/externe-evaluatie-project-bethany-kids\/\">Projet d'\u00e9valuation externe Bethany Kids<\/a><\/li>\n<li><a href=\"https:\/\/dev-be.child-help.international\/fr\/nieuws\/child-help-werd-lid-van-het-netwerk-be-cause-health\/\">Child-Help est devenu membre du r\u00e9seau Be-Cause Health<\/a><\/li>\n<li><a href=\"https:\/\/dev-be.child-help.international\/fr\/nieuws\/goalkeepers-awards-and-champions\/\">Goalkeepers Awards and Champions<\/a><\/li>\n<li><a href=\"https:\/\/dev-be.child-help.international\/fr\/nieuws\/rijksregisternummer-verplicht-voor-fiscaal-attest\/\">Num\u00e9ro de registre national requis pour l'obtention d'un certificat fiscal<\/a><\/li>\n<li><a href=\"https:\/\/dev-be.child-help.international\/fr\/nieuws\/child-help-jaarverslag-2023\/\">Rapport annuel 2023 de Child-Help<\/a><\/li>\n<li><a href=\"https:\/\/dev-be.child-help.international\/fr\/nieuws\/de-partners-denken-na-over-de-toekomst\/\">Nos partenaires r\u00e9fl\u00e9chissent \u00e0 l'avenir<\/a><\/li>\n<li><a href=\"https:\/\/dev-be.child-help.international\/fr\/nieuws\/overstromingen-in-kenia\/\">Inondations au Kenya<\/a><\/li>\n<li><a href=\"https:\/\/dev-be.child-help.international\/fr\/nieuws\/de-provincie-west-vlaanderen-steunt-onze-partner-bethany-kids-in-kenia\/\">La province de Flandre occidentale soutient notre partenaire Bethany Kids au Kenya.<\/a><\/li>\n<li><a href=\"https:\/\/dev-be.child-help.international\/fr\/nieuws\/blessing-is-onze-kampioen\/\">BLESSING EST NOTRE CHAMPIONNE !<\/a><\/li>\n<li><a href=\"https:\/\/dev-be.child-help.international\/fr\/nieuws\/hij-zal-nooit-een-goede-voetballer-worden\/\">\"Il ne sera jamais un bon footballeur...\".<\/a><\/li>\n<li><a href=\"https:\/\/dev-be.child-help.international\/fr\/nieuws\/samenwerking-loont\/\">La coop\u00e9ration porte ses fruits<\/a><\/li>\n<li><a href=\"https:\/\/dev-be.child-help.international\/fr\/nieuws\/oorlog-in-oekraine\/\">Guerre en Ukraine<\/a><\/li>\n<li><a href=\"https:\/\/dev-be.child-help.international\/fr\/nieuws\/dokter-johannes-urban-en-zijn-verpleegster-op-bezoek-in-guatemala\/\">Le docteur Johannes Urban et son infirmi\u00e8re en visite au Guatemala.<\/a><\/li>\n<li><a href=\"https:\/\/dev-be.child-help.international\/fr\/nieuws\/world-spina-bifida-and-hydrocephalus-day-2023\/\">Journ\u00e9e mondiale du spina-bifida et de l'hydroc\u00e9phalie 2023<\/a><\/li>\n<li><a href=\"https:\/\/dev-be.child-help.international\/fr\/nieuws\/pierre-verbleef-twee-maanden-in-tanzania\/\">Pierre a pass\u00e9 deux mois en Tanzanie<\/a><\/li>\n<li><a href=\"https:\/\/dev-be.child-help.international\/fr\/nieuws\/tropische-cycloon-freddy-post-rampupdate-malawi\/\">Cyclone tropical Freddy : mise \u00e0 jour apr\u00e8s la catastrophe, Malawi<\/a><\/li>\n<li><a href=\"https:\/\/dev-be.child-help.international\/fr\/nieuws\/daniil-vertelt\/\">Daniil dit<\/a><\/li>\n<li><a href=\"https:\/\/dev-be.child-help.international\/fr\/nieuws\/child-help-belgie-jaarverslag-2022\/\">Child-Help Belgium Rapport annuel 2022<\/a><\/li>\n<li><a href=\"https:\/\/dev-be.child-help.international\/fr\/nieuws\/following-the-houses-of-hope\/\">Suivre les maisons de l'espoir<\/a><\/li>\n<li><a href=\"https:\/\/dev-be.child-help.international\/fr\/nieuws\/een-historische-resolutie\/\">Une r\u00e9solution historique !<\/a><\/li>\n<li><a href=\"https:\/\/dev-be.child-help.international\/fr\/nieuws\/houses-of-hope-volgen-inleiding\/\">Suivi des Maisons de l'espoir - Introduction<\/a><\/li>\n<li><a href=\"https:\/\/dev-be.child-help.international\/fr\/nieuws\/bus-bertus-video\/\">Bus Bertus (VIDEO)<\/a><\/li>\n<li><a href=\"https:\/\/dev-be.child-help.international\/fr\/nieuws\/steun-de-heropbouw-van-de-apotheek-van-suheyla-in-antakya\/\">Soutenir la reconstruction de la pharmacie Suheyla \u00e0 Antakya<\/a><\/li>\n<li><a href=\"https:\/\/dev-be.child-help.international\/fr\/nieuws\/opbrengst-pettenverkoop-sint-victor\/\">Produit de la vente de casquettes de Saint-Victor<\/a><\/li>\n<li><a href=\"https:\/\/dev-be.child-help.international\/fr\/nieuws\/aardbevingen-in-turkije-en-syrie\/\">Tremblements de terre en Turquie et en Syrie<\/a><\/li>\n<li><a href=\"https:\/\/dev-be.child-help.international\/fr\/nieuws\/schenkingen-project-oekraine\/\">Projet de dons Ukraine<\/a><\/li>\n<li><a href=\"https:\/\/dev-be.child-help.international\/fr\/nieuws\/een-avond-met-mark-shepard\/\">Une soir\u00e9e avec Mark Shepard !<\/a><\/li>\n<li><a href=\"https:\/\/dev-be.child-help.international\/fr\/nieuws\/een-nokvolle-zaal-voor-de-70ste-verjaardag-van-onze-oprichter-pierre-mertens\/\">Une salle comble pour le 70\u00e8me anniversaire de notre fondateur Pierre Mertens.<\/a><\/li>\n<li><a href=\"https:\/\/dev-be.child-help.international\/fr\/nieuws\/dr-dirk-de-wachter-en-brasserie-croque-notes-stellen-u-voor-vertroostingen\/\">Le Dr Dirk De Wachter et la Brasserie Croque-Notes pr\u00e9sentent : Les pourboires<\/a><\/li>\n<li><a href=\"https:\/\/dev-be.child-help.international\/fr\/nieuws\/child-help-award-2022\/\">Prix de l'aide \u00e0 l'enfance 2022<\/a><\/li>\n<li><a href=\"https:\/\/dev-be.child-help.international\/fr\/nieuws\/projectbezoek-malawi-deel-5\/\">Visite de projet - Malawi - Partie 5<\/a><\/li>\n<li><a href=\"https:\/\/dev-be.child-help.international\/fr\/nieuws\/projectbezoek-malawi-deel-4\/\">Visite de projet - Malawi - Partie 4<\/a><\/li>\n<li><a href=\"https:\/\/dev-be.child-help.international\/fr\/nieuws\/projectbezoek-malawi-deel-3\/\">Visite de projet - Malawi - Partie 3<\/a><\/li>\n<li><a href=\"https:\/\/dev-be.child-help.international\/fr\/nieuws\/projectbezoek-malawi-deel-2\/\">Visite de projet - Malawi - Partie 2<\/a><\/li>\n<li><a href=\"https:\/\/dev-be.child-help.international\/fr\/nieuws\/projectbezoek-malawi-deel-1\/\">Visite de projet - Malawi - Partie 1<\/a><\/li>\n<li><a href=\"https:\/\/dev-be.child-help.international\/fr\/nieuws\/een-container-naar-tanzania-2\/\">Un conteneur pour la Tanzanie<\/a><\/li>\n<li><a href=\"https:\/\/dev-be.child-help.international\/fr\/nieuws\/thank-you-notes-from-parents-in-ukraine\/\">Remerciements des parents en Ukraine<\/a><\/li>\n<li><a href=\"https:\/\/dev-be.child-help.international\/fr\/nieuws\/ihor-vitenko-on-situation-in-ukraine\/\">Ihor Vitenko sur la situation en Ukraine<\/a><\/li>\n<li><a href=\"https:\/\/dev-be.child-help.international\/fr\/nieuws\/new-country-representative-for-kenya-i-am-very-motivated-to-get-involved\/\">\"Je suis tr\u00e8s motiv\u00e9 pour participer<\/a><\/li>\n<li><a href=\"https:\/\/dev-be.child-help.international\/fr\/nieuws\/children-should-be-thriving-instead-of-just-surviving\/\">\"Les enfants devraient s'\u00e9panouir au lieu de se contenter de survivre.<\/a><\/li>\n<li><a href=\"https:\/\/dev-be.child-help.international\/fr\/nieuws\/life-with-spina-bifida-in-kenia\/\">Vivre au Kenya avec le spina bifida<\/a><\/li>\n<\/ul>\n<\/div><br \/>\n<div class=\"wsp-container\"><h2 class=\"wsp-podcastss-title\">Podcasts<\/h2>\n<ul class=\"wsp-podcastss-list\">\n<li><a href=\"https:\/\/dev-be.child-help.international\/fr\/podcasts\/uit-het-hoofd-5-situatie-in-oekraine-pierre-mertens-en-ihor-vitenko-3\/\">De m\u00e9moire #5 Situation en Ukraine Pierre Mertens et Ihor Vitenko<\/a><\/li>\n<li><a href=\"https:\/\/dev-be.child-help.international\/fr\/podcasts\/uit-het-hoofd-3-geert-van-hove-en-lieven-bauwens-over-het-belang-van-familie-3\/\">De m\u00e9moire #4 Ronald Van Ham et Lieven Bauwens sur la magie d\u2019un esprit inventif.<\/a><\/li>\n<li><a href=\"https:\/\/dev-be.child-help.international\/fr\/podcasts\/uit-het-hoofd-4-ronald-van-ham-en-lieven-bauwens-over-de-magie-van-een-makersmentaliteit-3\/\">De m\u00e9moire #3 Geert Van Hove et Lieven Bauwens sur l'importance de la famille<\/a><\/li>\n<li><a href=\"https:\/\/dev-be.child-help.international\/fr\/podcasts\/uit-het-hoofd-3-geert-van-hove-en-lieven-bauwens-over-het-belang-van-familie-2\/\">De m\u00e9moire #2 Wivina Demeester et Pierre Mertens sur les politiques de soins<\/a><\/li>\n<li><a href=\"https:\/\/dev-be.child-help.international\/fr\/podcasts\/uit-het-hoofd-4-ronald-van-ham-en-lieven-bauwens-over-de-magie-van-een-makersmentaliteit-2\/\">De m\u00e9moire #1 Dirk De Wachter et Pierre Mertens<\/a><\/li>\n<\/ul>\n<\/div><br \/>\n<div class=\"wsp-container\"><h2 class=\"wsp-projectens-title\">Projets<\/h2>\n<ul class=\"wsp-projectens-list\">\n<li><a href=\"https:\/\/dev-be.child-help.international\/fr\/projecten\/voedselverrijking\/\">Enrichissement alimentaire<\/a><\/li>\n<li><a href=\"https:\/\/dev-be.child-help.international\/fr\/projecten\/plaatsen-van-shunts\/\">Installation de shunts<\/a><\/li>\n<li><a href=\"https:\/\/dev-be.child-help.international\/fr\/projecten\/ouderverenigingen\/\">Associations de parents<\/a><\/li>\n<li><a href=\"https:\/\/dev-be.child-help.international\/fr\/projecten\/noodhulp\/\">Aide d'urgence<\/a><\/li>\n<li><a href=\"https:\/\/dev-be.child-help.international\/fr\/projecten\/medisch-materiaal\/\">Mat\u00e9riel m\u00e9dical<\/a><\/li>\n<li><a href=\"https:\/\/dev-be.child-help.international\/fr\/projecten\/huizen-van-de-hoop\/\">Maisons de l'espoir<\/a><\/li>\n<li><a href=\"https:\/\/dev-be.child-help.international\/fr\/projecten\/foliumzuur-en-preventie\/\">Acide folique et pr\u00e9vention<\/a><\/li>\n<li><a href=\"https:\/\/dev-be.child-help.international\/fr\/projecten\/endoscopische-operaties\/\">Chirurgie endoscopique<\/a><\/li>\n<li><a href=\"https:\/\/dev-be.child-help.international\/fr\/projecten\/continentiemanagement\/\">Gestion de l'incontinence<\/a><\/li>\n<\/ul>\n<\/div><\/p>","protected":false},"excerpt":{"rendered":"","protected":false},"author":2,"featured_media":0,"parent":0,"menu_order":0,"comment_status":"closed","ping_status":"closed","template":"","meta":{"_acf_changed":false,"inline_featured_image":false,"footnotes":""},"class_list":["post-1161","page","type-page","status-publish","hentry"],"acf":[],"yoast_head":"<!-- This site is optimized with the Yoast SEO plugin v27.0 - https:\/\/yoast.com\/product\/yoast-seo-wordpress\/ -->\n<title>Sitemap - ChildHelp BE<\/title>\n<meta name=\"robots\" content=\"index, follow, max-snippet:-1, max-image-preview:large, max-video-preview:-1\" \/>\n<link rel=\"canonical\" href=\"https:\/\/dev-be.child-help.international\/fr\/sitemap\/\" \/>\n<meta property=\"og:locale\" content=\"fr_FR\" \/>\n<meta property=\"og:type\" content=\"article\" \/>\n<meta property=\"og:title\" content=\"Sitemap - ChildHelp BE\" \/>\n<meta property=\"og:url\" content=\"https:\/\/dev-be.child-help.international\/fr\/sitemap\/\" \/>\n<meta property=\"og:site_name\" content=\"ChildHelp BE\" \/>\n<meta property=\"article:publisher\" content=\"https:\/\/www.facebook.com\/CHInternational\/\" \/>\n<meta property=\"og:image\" content=\"https:\/\/dev-be.child-help.international\/wp-content\/uploads\/sites\/12\/2024\/02\/IF_Kenya-50-crop-1.jpg\" \/>\n\t<meta property=\"og:image:width\" content=\"1367\" \/>\n\t<meta property=\"og:image:height\" content=\"911\" \/>\n\t<meta property=\"og:image:type\" content=\"image\/jpeg\" \/>\n<meta name=\"twitter:card\" content=\"summary_large_image\" \/>\n<script type=\"application\/ld+json\" class=\"yoast-schema-graph\">{\"@context\":\"https:\/\/schema.org\",\"@graph\":[{\"@type\":\"WebPage\",\"@id\":\"https:\/\/dev-be.child-help.international\/fr\/sitemap\/\",\"url\":\"https:\/\/dev-be.child-help.international\/fr\/sitemap\/\",\"name\":\"Sitemap - ChildHelp BE\",\"isPartOf\":{\"@id\":\"https:\/\/dev-be.child-help.international\/fr\/#website\"},\"datePublished\":\"2024-02-21T14:23:13+00:00\",\"breadcrumb\":{\"@id\":\"https:\/\/dev-be.child-help.international\/fr\/sitemap\/#breadcrumb\"},\"inLanguage\":\"fr-BE\",\"potentialAction\":[{\"@type\":\"ReadAction\",\"target\":[\"https:\/\/dev-be.child-help.international\/fr\/sitemap\/\"]}]},{\"@type\":\"BreadcrumbList\",\"@id\":\"https:\/\/dev-be.child-help.international\/fr\/sitemap\/#breadcrumb\",\"itemListElement\":[{\"@type\":\"ListItem\",\"position\":1,\"name\":\"Home\",\"item\":\"https:\/\/dev-be.child-help.international\/\"},{\"@type\":\"ListItem\",\"position\":2,\"name\":\"Sitemap\"}]},{\"@type\":\"WebSite\",\"@id\":\"https:\/\/dev-be.child-help.international\/fr\/#website\",\"url\":\"https:\/\/dev-be.child-help.international\/fr\/\",\"name\":\"Child-Help Belgium\",\"description\":\"\",\"publisher\":{\"@id\":\"https:\/\/dev-be.child-help.international\/fr\/#organization\"},\"potentialAction\":[{\"@type\":\"SearchAction\",\"target\":{\"@type\":\"EntryPoint\",\"urlTemplate\":\"https:\/\/dev-be.child-help.international\/fr\/?s={search_term_string}\"},\"query-input\":{\"@type\":\"PropertyValueSpecification\",\"valueRequired\":true,\"valueName\":\"search_term_string\"}}],\"inLanguage\":\"fr-BE\"},{\"@type\":\"Organization\",\"@id\":\"https:\/\/dev-be.child-help.international\/fr\/#organization\",\"name\":\"Child-Help Belgium\",\"url\":\"https:\/\/dev-be.child-help.international\/fr\/\",\"logo\":{\"@type\":\"ImageObject\",\"inLanguage\":\"fr-BE\",\"@id\":\"https:\/\/dev-be.child-help.international\/fr\/#\/schema\/logo\/image\/\",\"url\":\"https:\/\/staging.dev-be.child-help.international\/wp-content\/uploads\/sites\/12\/2023\/10\/logo.png\",\"contentUrl\":\"https:\/\/staging.dev-be.child-help.international\/wp-content\/uploads\/sites\/12\/2023\/10\/logo.png\",\"width\":100,\"height\":58,\"caption\":\"Child-Help Belgium\"},\"image\":{\"@id\":\"https:\/\/dev-be.child-help.international\/fr\/#\/schema\/logo\/image\/\"},\"sameAs\":[\"https:\/\/www.facebook.com\/CHInternational\/\",\"https:\/\/www.instagram.com\/child_help.be\/\"]}]}<\/script>\n<!-- \/ Yoast SEO plugin. -->","yoast_head_json":{"title":"Sitemap - ChildHelp BE","robots":{"index":"index","follow":"follow","max-snippet":"max-snippet:-1","max-image-preview":"max-image-preview:large","max-video-preview":"max-video-preview:-1"},"canonical":"https:\/\/dev-be.child-help.international\/fr\/sitemap\/","og_locale":"fr_FR","og_type":"article","og_title":"Sitemap - ChildHelp BE","og_url":"https:\/\/dev-be.child-help.international\/fr\/sitemap\/","og_site_name":"ChildHelp BE","article_publisher":"https:\/\/www.facebook.com\/CHInternational\/","og_image":[{"width":1367,"height":911,"url":"https:\/\/dev-be.child-help.international\/wp-content\/uploads\/sites\/12\/2024\/02\/IF_Kenya-50-crop-1.jpg","type":"image\/jpeg"}],"twitter_card":"summary_large_image","schema":{"@context":"https:\/\/schema.org","@graph":[{"@type":"WebPage","@id":"https:\/\/dev-be.child-help.international\/fr\/sitemap\/","url":"https:\/\/dev-be.child-help.international\/fr\/sitemap\/","name":"Sitemap - ChildHelp BE","isPartOf":{"@id":"https:\/\/dev-be.child-help.international\/fr\/#website"},"datePublished":"2024-02-21T14:23:13+00:00","breadcrumb":{"@id":"https:\/\/dev-be.child-help.international\/fr\/sitemap\/#breadcrumb"},"inLanguage":"fr-BE","potentialAction":[{"@type":"ReadAction","target":["https:\/\/dev-be.child-help.international\/fr\/sitemap\/"]}]},{"@type":"BreadcrumbList","@id":"https:\/\/dev-be.child-help.international\/fr\/sitemap\/#breadcrumb","itemListElement":[{"@type":"ListItem","position":1,"name":"Home","item":"https:\/\/dev-be.child-help.international\/"},{"@type":"ListItem","position":2,"name":"Sitemap"}]},{"@type":"WebSite","@id":"https:\/\/dev-be.child-help.international\/fr\/#website","url":"https:\/\/dev-be.child-help.international\/fr\/","name":"Child-Help Belgium","description":"","publisher":{"@id":"https:\/\/dev-be.child-help.international\/fr\/#organization"},"potentialAction":[{"@type":"SearchAction","target":{"@type":"EntryPoint","urlTemplate":"https:\/\/dev-be.child-help.international\/fr\/?s={search_term_string}"},"query-input":{"@type":"PropertyValueSpecification","valueRequired":true,"valueName":"search_term_string"}}],"inLanguage":"fr-BE"},{"@type":"Organization","@id":"https:\/\/dev-be.child-help.international\/fr\/#organization","name":"Child-Help Belgium","url":"https:\/\/dev-be.child-help.international\/fr\/","logo":{"@type":"ImageObject","inLanguage":"fr-BE","@id":"https:\/\/dev-be.child-help.international\/fr\/#\/schema\/logo\/image\/","url":"https:\/\/staging.dev-be.child-help.international\/wp-content\/uploads\/sites\/12\/2023\/10\/logo.png","contentUrl":"https:\/\/staging.dev-be.child-help.international\/wp-content\/uploads\/sites\/12\/2023\/10\/logo.png","width":100,"height":58,"caption":"Child-Help Belgium"},"image":{"@id":"https:\/\/dev-be.child-help.international\/fr\/#\/schema\/logo\/image\/"},"sameAs":["https:\/\/www.facebook.com\/CHInternational\/","https:\/\/www.instagram.com\/child_help.be\/"]}]}},"_links":{"self":[{"href":"https:\/\/dev-be.child-help.international\/fr\/wp-json\/wp\/v2\/pages\/1161","targetHints":{"allow":["GET"]}}],"collection":[{"href":"https:\/\/dev-be.child-help.international\/fr\/wp-json\/wp\/v2\/pages"}],"about":[{"href":"https:\/\/dev-be.child-help.international\/fr\/wp-json\/wp\/v2\/types\/page"}],"author":[{"embeddable":true,"href":"https:\/\/dev-be.child-help.international\/fr\/wp-json\/wp\/v2\/users\/2"}],"replies":[{"embeddable":true,"href":"https:\/\/dev-be.child-help.international\/fr\/wp-json\/wp\/v2\/comments?post=1161"}],"version-history":[{"count":1,"href":"https:\/\/dev-be.child-help.international\/fr\/wp-json\/wp\/v2\/pages\/1161\/revisions"}],"predecessor-version":[{"id":1162,"href":"https:\/\/dev-be.child-help.international\/fr\/wp-json\/wp\/v2\/pages\/1161\/revisions\/1162"}],"wp:attachment":[{"href":"https:\/\/dev-be.child-help.international\/fr\/wp-json\/wp\/v2\/media?parent=1161"}],"curies":[{"name":"wp","href":"https:\/\/api.w.org\/{rel}","templated":true}]}}