{"id":166,"date":"2023-10-26T19:01:06","date_gmt":"2023-10-26T19:01:06","guid":{"rendered":"https:\/\/belgium.child-help.international\/?page_id=166"},"modified":"2024-09-09T18:27:21","modified_gmt":"2024-09-09T18:27:21","slug":"cookiebeleid","status":"publish","type":"page","link":"https:\/\/dev-be.child-help.international\/fr\/cookiebeleid\/","title":{"rendered":"Politique en mati\u00e8re de cookies"},"content":{"rendered":"<p><em>Derni\u00e8re mise \u00e0 jour le 21\/02\/2024.<\/em><\/p>\n<h2>1.     Bienvenue sur le site<\/h2>\n<p>Nous sommes Child-Help Belgium, une ASBL, \u00e9tablie \u00e0 De Keyserlei 60C bus 1301 - 2018 Anvers, avec le num\u00e9ro d'entreprise N.N. 883.566.169.<\/p>\n<p>Dans la pr\u00e9sente politique en mati\u00e8re de cookies, nous expliquons quelles sont les informations que nous pouvons recueillir sur notre site web \u00e0 l'aide de cookies et comment nous les utilisons pour am\u00e9liorer nos services.<\/p>\n<p>En utilisant notre site web, vous acceptez que nous utilisions des cookies.<\/p>\n<p>La pr\u00e9sente politique en mati\u00e8re de cookies fait partie int\u00e9grante de notre politique en mati\u00e8re de cookies.\u00a0<u>Conditions g\u00e9n\u00e9rales d'utilisation<\/u>.<\/p>\n<h2>2.     Cookies<\/h2>\n<p>An '<em>biscuit<\/em>Un \"cookie\" est un petit fichier de donn\u00e9es qui est temporairement plac\u00e9 sur votre ordinateur ou votre appareil mobile par une page internet lorsque vous visitez un site web. Un cookie nous permet d'identifier l'appareil que vous utilisez pour visiter notre site web, sans nous donner acc\u00e8s \u00e0 vos donn\u00e9es personnelles.<\/p>\n<p>Les cookies peuvent \u00eatre facilement supprim\u00e9s via les param\u00e8tres de votre navigateur. Vous pouvez \u00e9galement configurer votre navigateur de mani\u00e8re \u00e0 ce qu'il refuse les cookies. Toutefois, cela peut \u00e9ventuellement entraver l'utilisation de notre site web ou rendre l'acc\u00e8s \u00e0 certaines fonctionnalit\u00e9s impossible.<\/p>\n<p><script type=\"text\/javascript\" charset=\"UTF-8\" data-cookiescriptreport=\"report\" src=\"\/\/report.cookie-script.com\/r\/d8c8667eb2e2b68c8f06a81ecb7d74bd.js\"><\/script><\/p>","protected":false},"excerpt":{"rendered":"<p>Laatst aangepast op 21\/02\/2024. 1.\u00a0\u00a0\u00a0\u00a0 Welkom Wij zijn Child-Help Belgi\u00eb, een VZW, gevestigd te De Keyserlei 60C bus 1301 &#8211; 2018 Antwerp\u00a0, met ondernemingsnummer N.N. 883.566.169. In dit Cookiebeleid leggen we uit welke informatie wij kunnen verzamelen via onze website op basis van cookies en hoe wij deze gebruiken om onze dienstverlening te verbeteren. Door [&hellip;]<\/p>","protected":false},"author":2,"featured_media":0,"parent":0,"menu_order":0,"comment_status":"closed","ping_status":"closed","template":"","meta":{"_acf_changed":false,"inline_featured_image":false,"footnotes":""},"class_list":["post-166","page","type-page","status-publish","hentry"],"acf":[],"yoast_head":"<!-- This site is optimized with the Yoast SEO plugin v27.0 - https:\/\/yoast.com\/product\/yoast-seo-wordpress\/ -->\n<title>Cookiebeleid - ChildHelp BE<\/title>\n<meta name=\"robots\" content=\"noindex, nofollow\" \/>\n<meta property=\"og:locale\" content=\"fr_FR\" \/>\n<meta property=\"og:type\" content=\"article\" \/>\n<meta property=\"og:title\" content=\"Cookiebeleid - ChildHelp BE\" \/>\n<meta property=\"og:description\" content=\"Laatst aangepast op 21\/02\/2024. 1.\u00a0\u00a0\u00a0\u00a0 Welkom Wij zijn Child-Help Belgi\u00eb, een VZW, gevestigd te De Keyserlei 60C bus 1301 &#8211; 2018 Antwerp\u00a0, met ondernemingsnummer N.N. 883.566.169. In dit Cookiebeleid leggen we uit welke informatie wij kunnen verzamelen via onze website op basis van cookies en hoe wij deze gebruiken om onze dienstverlening te verbeteren. Door [&hellip;]\" \/>\n<meta property=\"og:url\" content=\"https:\/\/dev-be.child-help.international\/fr\/cookiebeleid\/\" \/>\n<meta property=\"og:site_name\" content=\"ChildHelp BE\" \/>\n<meta property=\"article:publisher\" content=\"https:\/\/www.facebook.com\/CHInternational\/\" \/>\n<meta property=\"article:modified_time\" content=\"2024-09-09T18:27:21+00:00\" \/>\n<meta property=\"og:image\" content=\"https:\/\/dev-be.child-help.international\/wp-content\/uploads\/sites\/12\/2024\/02\/IF_Kenya-50-crop-1.jpg\" \/>\n\t<meta property=\"og:image:width\" content=\"1367\" \/>\n\t<meta property=\"og:image:height\" content=\"911\" \/>\n\t<meta property=\"og:image:type\" content=\"image\/jpeg\" \/>\n<meta name=\"twitter:card\" content=\"summary_large_image\" \/>\n<meta name=\"twitter:label1\" content=\"Dur\u00e9e de lecture est.\" \/>\n\t<meta name=\"twitter:data1\" content=\"1 minute\" \/>\n<script type=\"application\/ld+json\" class=\"yoast-schema-graph\">{\"@context\":\"https:\/\/schema.org\",\"@graph\":[{\"@type\":\"WebPage\",\"@id\":\"https:\/\/dev-be.child-help.international\/fr\/cookiebeleid\/\",\"url\":\"https:\/\/dev-be.child-help.international\/fr\/cookiebeleid\/\",\"name\":\"Cookiebeleid - ChildHelp BE\",\"isPartOf\":{\"@id\":\"https:\/\/dev-be.child-help.international\/fr\/#website\"},\"datePublished\":\"2023-10-26T19:01:06+00:00\",\"dateModified\":\"2024-09-09T18:27:21+00:00\",\"breadcrumb\":{\"@id\":\"https:\/\/dev-be.child-help.international\/fr\/cookiebeleid\/#breadcrumb\"},\"inLanguage\":\"fr-BE\",\"potentialAction\":[{\"@type\":\"ReadAction\",\"target\":[\"https:\/\/dev-be.child-help.international\/fr\/cookiebeleid\/\"]}]},{\"@type\":\"BreadcrumbList\",\"@id\":\"https:\/\/dev-be.child-help.international\/fr\/cookiebeleid\/#breadcrumb\",\"itemListElement\":[{\"@type\":\"ListItem\",\"position\":1,\"name\":\"Home\",\"item\":\"https:\/\/dev-be.child-help.international\/\"},{\"@type\":\"ListItem\",\"position\":2,\"name\":\"Cookiebeleid\"}]},{\"@type\":\"WebSite\",\"@id\":\"https:\/\/dev-be.child-help.international\/fr\/#website\",\"url\":\"https:\/\/dev-be.child-help.international\/fr\/\",\"name\":\"Child-Help Belgium\",\"description\":\"\",\"publisher\":{\"@id\":\"https:\/\/dev-be.child-help.international\/fr\/#organization\"},\"potentialAction\":[{\"@type\":\"SearchAction\",\"target\":{\"@type\":\"EntryPoint\",\"urlTemplate\":\"https:\/\/dev-be.child-help.international\/fr\/?s={search_term_string}\"},\"query-input\":{\"@type\":\"PropertyValueSpecification\",\"valueRequired\":true,\"valueName\":\"search_term_string\"}}],\"inLanguage\":\"fr-BE\"},{\"@type\":\"Organization\",\"@id\":\"https:\/\/dev-be.child-help.international\/fr\/#organization\",\"name\":\"Child-Help Belgium\",\"url\":\"https:\/\/dev-be.child-help.international\/fr\/\",\"logo\":{\"@type\":\"ImageObject\",\"inLanguage\":\"fr-BE\",\"@id\":\"https:\/\/dev-be.child-help.international\/fr\/#\/schema\/logo\/image\/\",\"url\":\"https:\/\/staging.dev-be.child-help.international\/wp-content\/uploads\/sites\/12\/2023\/10\/logo.png\",\"contentUrl\":\"https:\/\/staging.dev-be.child-help.international\/wp-content\/uploads\/sites\/12\/2023\/10\/logo.png\",\"width\":100,\"height\":58,\"caption\":\"Child-Help Belgium\"},\"image\":{\"@id\":\"https:\/\/dev-be.child-help.international\/fr\/#\/schema\/logo\/image\/\"},\"sameAs\":[\"https:\/\/www.facebook.com\/CHInternational\/\",\"https:\/\/www.instagram.com\/child_help.be\/\"]}]}<\/script>\n<!-- \/ Yoast SEO plugin. -->","yoast_head_json":{"title":"Cookiebeleid - ChildHelp BE","robots":{"index":"noindex","follow":"nofollow"},"og_locale":"fr_FR","og_type":"article","og_title":"Cookiebeleid - ChildHelp BE","og_description":"Laatst aangepast op 21\/02\/2024. 1.\u00a0\u00a0\u00a0\u00a0 Welkom Wij zijn Child-Help Belgi\u00eb, een VZW, gevestigd te De Keyserlei 60C bus 1301 &#8211; 2018 Antwerp\u00a0, met ondernemingsnummer N.N. 883.566.169. In dit Cookiebeleid leggen we uit welke informatie wij kunnen verzamelen via onze website op basis van cookies en hoe wij deze gebruiken om onze dienstverlening te verbeteren. Door [&hellip;]","og_url":"https:\/\/dev-be.child-help.international\/fr\/cookiebeleid\/","og_site_name":"ChildHelp BE","article_publisher":"https:\/\/www.facebook.com\/CHInternational\/","article_modified_time":"2024-09-09T18:27:21+00:00","og_image":[{"width":1367,"height":911,"url":"https:\/\/dev-be.child-help.international\/wp-content\/uploads\/sites\/12\/2024\/02\/IF_Kenya-50-crop-1.jpg","type":"image\/jpeg"}],"twitter_card":"summary_large_image","twitter_misc":{"Dur\u00e9e de lecture est.":"1 minute"},"schema":{"@context":"https:\/\/schema.org","@graph":[{"@type":"WebPage","@id":"https:\/\/dev-be.child-help.international\/fr\/cookiebeleid\/","url":"https:\/\/dev-be.child-help.international\/fr\/cookiebeleid\/","name":"Cookiebeleid - ChildHelp BE","isPartOf":{"@id":"https:\/\/dev-be.child-help.international\/fr\/#website"},"datePublished":"2023-10-26T19:01:06+00:00","dateModified":"2024-09-09T18:27:21+00:00","breadcrumb":{"@id":"https:\/\/dev-be.child-help.international\/fr\/cookiebeleid\/#breadcrumb"},"inLanguage":"fr-BE","potentialAction":[{"@type":"ReadAction","target":["https:\/\/dev-be.child-help.international\/fr\/cookiebeleid\/"]}]},{"@type":"BreadcrumbList","@id":"https:\/\/dev-be.child-help.international\/fr\/cookiebeleid\/#breadcrumb","itemListElement":[{"@type":"ListItem","position":1,"name":"Home","item":"https:\/\/dev-be.child-help.international\/"},{"@type":"ListItem","position":2,"name":"Cookiebeleid"}]},{"@type":"WebSite","@id":"https:\/\/dev-be.child-help.international\/fr\/#website","url":"https:\/\/dev-be.child-help.international\/fr\/","name":"Child-Help Belgium","description":"","publisher":{"@id":"https:\/\/dev-be.child-help.international\/fr\/#organization"},"potentialAction":[{"@type":"SearchAction","target":{"@type":"EntryPoint","urlTemplate":"https:\/\/dev-be.child-help.international\/fr\/?s={search_term_string}"},"query-input":{"@type":"PropertyValueSpecification","valueRequired":true,"valueName":"search_term_string"}}],"inLanguage":"fr-BE"},{"@type":"Organization","@id":"https:\/\/dev-be.child-help.international\/fr\/#organization","name":"Child-Help Belgium","url":"https:\/\/dev-be.child-help.international\/fr\/","logo":{"@type":"ImageObject","inLanguage":"fr-BE","@id":"https:\/\/dev-be.child-help.international\/fr\/#\/schema\/logo\/image\/","url":"https:\/\/staging.dev-be.child-help.international\/wp-content\/uploads\/sites\/12\/2023\/10\/logo.png","contentUrl":"https:\/\/staging.dev-be.child-help.international\/wp-content\/uploads\/sites\/12\/2023\/10\/logo.png","width":100,"height":58,"caption":"Child-Help Belgium"},"image":{"@id":"https:\/\/dev-be.child-help.international\/fr\/#\/schema\/logo\/image\/"},"sameAs":["https:\/\/www.facebook.com\/CHInternational\/","https:\/\/www.instagram.com\/child_help.be\/"]}]}},"_links":{"self":[{"href":"https:\/\/dev-be.child-help.international\/fr\/wp-json\/wp\/v2\/pages\/166","targetHints":{"allow":["GET"]}}],"collection":[{"href":"https:\/\/dev-be.child-help.international\/fr\/wp-json\/wp\/v2\/pages"}],"about":[{"href":"https:\/\/dev-be.child-help.international\/fr\/wp-json\/wp\/v2\/types\/page"}],"author":[{"embeddable":true,"href":"https:\/\/dev-be.child-help.international\/fr\/wp-json\/wp\/v2\/users\/2"}],"replies":[{"embeddable":true,"href":"https:\/\/dev-be.child-help.international\/fr\/wp-json\/wp\/v2\/comments?post=166"}],"version-history":[{"count":5,"href":"https:\/\/dev-be.child-help.international\/fr\/wp-json\/wp\/v2\/pages\/166\/revisions"}],"predecessor-version":[{"id":1980,"href":"https:\/\/dev-be.child-help.international\/fr\/wp-json\/wp\/v2\/pages\/166\/revisions\/1980"}],"wp:attachment":[{"href":"https:\/\/dev-be.child-help.international\/fr\/wp-json\/wp\/v2\/media?parent=166"}],"curies":[{"name":"wp","href":"https:\/\/api.w.org\/{rel}","templated":true}]}}