{"id":1692,"date":"2024-07-15T12:08:16","date_gmt":"2024-07-15T12:08:16","guid":{"rendered":"https:\/\/dev-be.child-help.international\/?page_id=1692"},"modified":"2024-11-04T13:20:10","modified_gmt":"2024-11-04T13:20:10","slug":"p2p-child-help","status":"publish","type":"page","link":"https:\/\/dev-be.child-help.international\/fr\/home\/help-mee-als-particulier\/onlineinzamelactie\/","title":{"rendered":"Soutenez Child-Help avec votre propre collecte de fonds en ligne !"},"content":{"rendered":"<p class=\" translation-block\">Vous f\u00eatez bient\u00f4t <strong>votre anniversaire<\/strong> et vous souhaitez collecter des fonds pour Child-Help ? Vous organisez <strong>une vente de gaufres<\/strong> et vous souhaitez donner les b\u00e9n\u00e9fices \u00e0 Child-Help ? Vous avez <strong>une autre id\u00e9e g\u00e9niale<\/strong> pour collecter des fonds ? Alors cr\u00e9ez votre propre page d'action!<\/p>\n<ul data-sourcepos=\"7:1-7:83\">\n<li data-sourcepos=\"7:1-7:83\"><strong>Facile:<\/strong> Cr\u00e9ez votre propre page d'action en quelques minutes avec des photos, du texte et un montant objectif clair.<\/li>\n<li data-sourcepos=\"8:1-8:73\"><strong>Partagez votre action:<\/strong> Diffusez votre page d'action via les m\u00e9dias sociaux, par e-mail ou par whatsapp pour encourager vos amis et votre famille \u00e0 participer.<\/li>\n<li data-sourcepos=\"9:1-9:84\"><strong>Donner en ligne en toute s\u00e9curit\u00e9:<\/strong> Les dons sont effectu\u00e9s en toute s\u00e9curit\u00e9 gr\u00e2ce \u00e0 notre plateforme s\u00e9curis\u00e9e.<\/li>\n<\/ul>\n<p data-sourcepos=\"12:1-12:32\"><strong>Ensemble, nous faisons la diff\u00e9rence et donnons \u00e0 des enfants une vie remplie de dignit\u00e9!<\/strong><\/p>","protected":false},"excerpt":{"rendered":"<p>Vous c\u00e9l\u00e9brez bient\u00f4t un anniversaire et vous souhaitez collecter des fonds pour Child-Help \u00e0 cette occasion ? Vous organisez un concours de gaufres et souhaitez reverser les b\u00e9n\u00e9fices \u00e0 Child-Help ? Vous avez une autre id\u00e9e g\u00e9niale pour collecter des fonds ? Alors cr\u00e9ez votre propre page d'action ! Facile : cr\u00e9ez votre propre page d'action en quelques minutes avec des photos, du texte et un [...]<\/p>","protected":false},"author":15,"featured_media":0,"parent":459,"menu_order":0,"comment_status":"closed","ping_status":"closed","template":"","meta":{"_acf_changed":false,"inline_featured_image":false,"footnotes":""},"class_list":["post-1692","page","type-page","status-publish","hentry"],"acf":[],"yoast_head":"<!-- This site is optimized with the Yoast SEO plugin v27.0 - https:\/\/yoast.com\/product\/yoast-seo-wordpress\/ -->\n<title>Steun Child-Help met je eigen online inzamelactie! - ChildHelp BE<\/title>\n<meta name=\"robots\" content=\"index, follow, max-snippet:-1, max-image-preview:large, max-video-preview:-1\" \/>\n<link rel=\"canonical\" href=\"https:\/\/dev-be.child-help.international\/fr\/home\/help-mee-als-particulier\/onlineinzamelactie\/\" \/>\n<meta property=\"og:locale\" content=\"fr_FR\" \/>\n<meta property=\"og:type\" content=\"article\" \/>\n<meta property=\"og:title\" content=\"Steun Child-Help met je eigen online inzamelactie! - ChildHelp BE\" \/>\n<meta property=\"og:description\" content=\"Ben je binnenkort jarig en zamel je hiervoor graag geld in voor Child-Help? Organiseer je een wafelenbak en wil je de opbrengst aan Child-Help schenken? Heb je een ander leuk idee om geld in te zamelen? Maak dan een eigen actiepagina aan! Eenvoudig: Maak in enkele minuten je eigen actiepagina met foto&#8217;s, tekst en een [&hellip;]\" \/>\n<meta property=\"og:url\" content=\"https:\/\/dev-be.child-help.international\/fr\/home\/help-mee-als-particulier\/onlineinzamelactie\/\" \/>\n<meta property=\"og:site_name\" content=\"ChildHelp BE\" \/>\n<meta property=\"article:publisher\" content=\"https:\/\/www.facebook.com\/CHInternational\/\" \/>\n<meta property=\"article:modified_time\" content=\"2024-11-04T13:20:10+00:00\" \/>\n<meta property=\"og:image\" content=\"https:\/\/dev-be.child-help.international\/wp-content\/uploads\/sites\/12\/2024\/02\/IF_Kenya-50-crop-1.jpg\" \/>\n\t<meta property=\"og:image:width\" content=\"1367\" \/>\n\t<meta property=\"og:image:height\" content=\"911\" \/>\n\t<meta property=\"og:image:type\" content=\"image\/jpeg\" \/>\n<meta name=\"twitter:card\" content=\"summary_large_image\" \/>\n<meta name=\"twitter:label1\" content=\"Dur\u00e9e de lecture est.\" \/>\n\t<meta name=\"twitter:data1\" content=\"1 minute\" \/>\n<script type=\"application\/ld+json\" class=\"yoast-schema-graph\">{\"@context\":\"https:\/\/schema.org\",\"@graph\":[{\"@type\":\"WebPage\",\"@id\":\"https:\/\/dev-be.child-help.international\/fr\/home\/help-mee-als-particulier\/onlineinzamelactie\/\",\"url\":\"https:\/\/dev-be.child-help.international\/fr\/home\/help-mee-als-particulier\/onlineinzamelactie\/\",\"name\":\"Steun Child-Help met je eigen online inzamelactie! - ChildHelp BE\",\"isPartOf\":{\"@id\":\"https:\/\/dev-be.child-help.international\/fr\/#website\"},\"datePublished\":\"2024-07-15T12:08:16+00:00\",\"dateModified\":\"2024-11-04T13:20:10+00:00\",\"breadcrumb\":{\"@id\":\"https:\/\/dev-be.child-help.international\/fr\/home\/help-mee-als-particulier\/onlineinzamelactie\/#breadcrumb\"},\"inLanguage\":\"fr-BE\",\"potentialAction\":[{\"@type\":\"ReadAction\",\"target\":[\"https:\/\/dev-be.child-help.international\/fr\/home\/help-mee-als-particulier\/onlineinzamelactie\/\"]}]},{\"@type\":\"BreadcrumbList\",\"@id\":\"https:\/\/dev-be.child-help.international\/fr\/home\/help-mee-als-particulier\/onlineinzamelactie\/#breadcrumb\",\"itemListElement\":[{\"@type\":\"ListItem\",\"position\":1,\"name\":\"Home\",\"item\":\"https:\/\/dev-be.child-help.international\/\"},{\"@type\":\"ListItem\",\"position\":2,\"name\":\"Hoe kan je ons steunen?\",\"item\":\"https:\/\/dev-be.child-help.international\/help-mee-als-particulier\/\"},{\"@type\":\"ListItem\",\"position\":3,\"name\":\"Steun Child-Help met je eigen online inzamelactie!\"}]},{\"@type\":\"WebSite\",\"@id\":\"https:\/\/dev-be.child-help.international\/fr\/#website\",\"url\":\"https:\/\/dev-be.child-help.international\/fr\/\",\"name\":\"Child-Help Belgium\",\"description\":\"\",\"publisher\":{\"@id\":\"https:\/\/dev-be.child-help.international\/fr\/#organization\"},\"potentialAction\":[{\"@type\":\"SearchAction\",\"target\":{\"@type\":\"EntryPoint\",\"urlTemplate\":\"https:\/\/dev-be.child-help.international\/fr\/?s={search_term_string}\"},\"query-input\":{\"@type\":\"PropertyValueSpecification\",\"valueRequired\":true,\"valueName\":\"search_term_string\"}}],\"inLanguage\":\"fr-BE\"},{\"@type\":\"Organization\",\"@id\":\"https:\/\/dev-be.child-help.international\/fr\/#organization\",\"name\":\"Child-Help Belgium\",\"url\":\"https:\/\/dev-be.child-help.international\/fr\/\",\"logo\":{\"@type\":\"ImageObject\",\"inLanguage\":\"fr-BE\",\"@id\":\"https:\/\/dev-be.child-help.international\/fr\/#\/schema\/logo\/image\/\",\"url\":\"https:\/\/staging.dev-be.child-help.international\/wp-content\/uploads\/sites\/12\/2023\/10\/logo.png\",\"contentUrl\":\"https:\/\/staging.dev-be.child-help.international\/wp-content\/uploads\/sites\/12\/2023\/10\/logo.png\",\"width\":100,\"height\":58,\"caption\":\"Child-Help Belgium\"},\"image\":{\"@id\":\"https:\/\/dev-be.child-help.international\/fr\/#\/schema\/logo\/image\/\"},\"sameAs\":[\"https:\/\/www.facebook.com\/CHInternational\/\",\"https:\/\/www.instagram.com\/child_help.be\/\"]}]}<\/script>\n<!-- \/ Yoast SEO plugin. -->","yoast_head_json":{"title":"Steun Child-Help met je eigen online inzamelactie! - ChildHelp BE","robots":{"index":"index","follow":"follow","max-snippet":"max-snippet:-1","max-image-preview":"max-image-preview:large","max-video-preview":"max-video-preview:-1"},"canonical":"https:\/\/dev-be.child-help.international\/fr\/home\/help-mee-als-particulier\/onlineinzamelactie\/","og_locale":"fr_FR","og_type":"article","og_title":"Steun Child-Help met je eigen online inzamelactie! - ChildHelp BE","og_description":"Ben je binnenkort jarig en zamel je hiervoor graag geld in voor Child-Help? Organiseer je een wafelenbak en wil je de opbrengst aan Child-Help schenken? Heb je een ander leuk idee om geld in te zamelen? Maak dan een eigen actiepagina aan! Eenvoudig: Maak in enkele minuten je eigen actiepagina met foto&#8217;s, tekst en een [&hellip;]","og_url":"https:\/\/dev-be.child-help.international\/fr\/home\/help-mee-als-particulier\/onlineinzamelactie\/","og_site_name":"ChildHelp BE","article_publisher":"https:\/\/www.facebook.com\/CHInternational\/","article_modified_time":"2024-11-04T13:20:10+00:00","og_image":[{"width":1367,"height":911,"url":"https:\/\/dev-be.child-help.international\/wp-content\/uploads\/sites\/12\/2024\/02\/IF_Kenya-50-crop-1.jpg","type":"image\/jpeg"}],"twitter_card":"summary_large_image","twitter_misc":{"Dur\u00e9e de lecture est.":"1 minute"},"schema":{"@context":"https:\/\/schema.org","@graph":[{"@type":"WebPage","@id":"https:\/\/dev-be.child-help.international\/fr\/home\/help-mee-als-particulier\/onlineinzamelactie\/","url":"https:\/\/dev-be.child-help.international\/fr\/home\/help-mee-als-particulier\/onlineinzamelactie\/","name":"Steun Child-Help met je eigen online inzamelactie! - ChildHelp BE","isPartOf":{"@id":"https:\/\/dev-be.child-help.international\/fr\/#website"},"datePublished":"2024-07-15T12:08:16+00:00","dateModified":"2024-11-04T13:20:10+00:00","breadcrumb":{"@id":"https:\/\/dev-be.child-help.international\/fr\/home\/help-mee-als-particulier\/onlineinzamelactie\/#breadcrumb"},"inLanguage":"fr-BE","potentialAction":[{"@type":"ReadAction","target":["https:\/\/dev-be.child-help.international\/fr\/home\/help-mee-als-particulier\/onlineinzamelactie\/"]}]},{"@type":"BreadcrumbList","@id":"https:\/\/dev-be.child-help.international\/fr\/home\/help-mee-als-particulier\/onlineinzamelactie\/#breadcrumb","itemListElement":[{"@type":"ListItem","position":1,"name":"Home","item":"https:\/\/dev-be.child-help.international\/"},{"@type":"ListItem","position":2,"name":"Hoe kan je ons steunen?","item":"https:\/\/dev-be.child-help.international\/help-mee-als-particulier\/"},{"@type":"ListItem","position":3,"name":"Steun Child-Help met je eigen online inzamelactie!"}]},{"@type":"WebSite","@id":"https:\/\/dev-be.child-help.international\/fr\/#website","url":"https:\/\/dev-be.child-help.international\/fr\/","name":"Child-Help Belgium","description":"","publisher":{"@id":"https:\/\/dev-be.child-help.international\/fr\/#organization"},"potentialAction":[{"@type":"SearchAction","target":{"@type":"EntryPoint","urlTemplate":"https:\/\/dev-be.child-help.international\/fr\/?s={search_term_string}"},"query-input":{"@type":"PropertyValueSpecification","valueRequired":true,"valueName":"search_term_string"}}],"inLanguage":"fr-BE"},{"@type":"Organization","@id":"https:\/\/dev-be.child-help.international\/fr\/#organization","name":"Child-Help Belgium","url":"https:\/\/dev-be.child-help.international\/fr\/","logo":{"@type":"ImageObject","inLanguage":"fr-BE","@id":"https:\/\/dev-be.child-help.international\/fr\/#\/schema\/logo\/image\/","url":"https:\/\/staging.dev-be.child-help.international\/wp-content\/uploads\/sites\/12\/2023\/10\/logo.png","contentUrl":"https:\/\/staging.dev-be.child-help.international\/wp-content\/uploads\/sites\/12\/2023\/10\/logo.png","width":100,"height":58,"caption":"Child-Help Belgium"},"image":{"@id":"https:\/\/dev-be.child-help.international\/fr\/#\/schema\/logo\/image\/"},"sameAs":["https:\/\/www.facebook.com\/CHInternational\/","https:\/\/www.instagram.com\/child_help.be\/"]}]}},"_links":{"self":[{"href":"https:\/\/dev-be.child-help.international\/fr\/wp-json\/wp\/v2\/pages\/1692","targetHints":{"allow":["GET"]}}],"collection":[{"href":"https:\/\/dev-be.child-help.international\/fr\/wp-json\/wp\/v2\/pages"}],"about":[{"href":"https:\/\/dev-be.child-help.international\/fr\/wp-json\/wp\/v2\/types\/page"}],"author":[{"embeddable":true,"href":"https:\/\/dev-be.child-help.international\/fr\/wp-json\/wp\/v2\/users\/15"}],"replies":[{"embeddable":true,"href":"https:\/\/dev-be.child-help.international\/fr\/wp-json\/wp\/v2\/comments?post=1692"}],"version-history":[{"count":17,"href":"https:\/\/dev-be.child-help.international\/fr\/wp-json\/wp\/v2\/pages\/1692\/revisions"}],"predecessor-version":[{"id":2118,"href":"https:\/\/dev-be.child-help.international\/fr\/wp-json\/wp\/v2\/pages\/1692\/revisions\/2118"}],"up":[{"embeddable":true,"href":"https:\/\/dev-be.child-help.international\/fr\/wp-json\/wp\/v2\/pages\/459"}],"wp:attachment":[{"href":"https:\/\/dev-be.child-help.international\/fr\/wp-json\/wp\/v2\/media?parent=1692"}],"curies":[{"name":"wp","href":"https:\/\/api.w.org\/{rel}","templated":true}]}}