{"id":172,"date":"2023-10-26T20:19:52","date_gmt":"2023-10-26T20:19:52","guid":{"rendered":"https:\/\/belgium.child-help.international\/?page_id=172"},"modified":"2024-03-05T14:08:57","modified_gmt":"2024-03-05T14:08:57","slug":"over-ons-2","status":"publish","type":"page","link":"https:\/\/dev-be.child-help.international\/fr\/over\/","title":{"rendered":"A propos de nous"},"content":{"rendered":"<p>Child-Help est n\u00e9 de la solidarit\u00e9 entre les personnes confront\u00e9es au spina bifida et\/ou \u00e0 l'hydroc\u00e9phalie en Belgique et leurs pairs dans le Sud. Ils se sentent concern\u00e9s parce qu'ils savent \u00e0 quel point il est complexe de soigner et d'accompagner un enfant atteint d'un handicap cong\u00e9nital vers une vie pleine et autonome.<\/p>\n<p>Child-Help travaille en \u00e9troite collaboration avec l'Organisation mondiale pour la spina-bifida et l'hydroc\u00e9phalie (<a href=\"http:\/\/www.ifglobal.org\/\" target=\"_blank\" rel=\"noreferrer noopener\">www.ifglobal.org<\/a>).<\/p>\n<p>L'IF jouit d'un statut consultatif aupr\u00e8s des Nations unies et collabore avec l'OMS, l'UNICEF, la FFI (Flour Fortification Initiative) et d'autres associations.<\/p>","protected":false},"excerpt":{"rendered":"<p>Child-Help ontstond uit de solidariteit tussen mensen die met spina bifida en\/of een hydrocefalie geconfronteerd werden in Belgi\u00eb en hun lotgenoten in het Zuiden. Zij voelen zich betrokken met hen omdat ze weten hoe complex het is om een kind met een aangeboren handicap op te vangen en te begeleiden naar een volwaardig en zelfstandig [&hellip;]<\/p>","protected":false},"author":2,"featured_media":0,"parent":0,"menu_order":0,"comment_status":"closed","ping_status":"closed","template":"template-over-ons.php","meta":{"_acf_changed":false,"inline_featured_image":false,"footnotes":""},"class_list":["post-172","page","type-page","status-publish","hentry"],"acf":[],"yoast_head":"<!-- This site is optimized with the Yoast SEO plugin v27.0 - https:\/\/yoast.com\/product\/yoast-seo-wordpress\/ -->\n<title>Over ons - ChildHelp BE<\/title>\n<meta name=\"robots\" content=\"index, follow, max-snippet:-1, max-image-preview:large, max-video-preview:-1\" \/>\n<link rel=\"canonical\" href=\"https:\/\/dev-be.child-help.international\/fr\/over\/\" \/>\n<meta property=\"og:locale\" content=\"fr_FR\" \/>\n<meta property=\"og:type\" content=\"article\" \/>\n<meta property=\"og:title\" content=\"Over ons - ChildHelp BE\" \/>\n<meta property=\"og:description\" content=\"Child-Help ontstond uit de solidariteit tussen mensen die met spina bifida en\/of een hydrocefalie geconfronteerd werden in Belgi\u00eb en hun lotgenoten in het Zuiden. Zij voelen zich betrokken met hen omdat ze weten hoe complex het is om een kind met een aangeboren handicap op te vangen en te begeleiden naar een volwaardig en zelfstandig [&hellip;]\" \/>\n<meta property=\"og:url\" content=\"https:\/\/dev-be.child-help.international\/fr\/over\/\" \/>\n<meta property=\"og:site_name\" content=\"ChildHelp BE\" \/>\n<meta property=\"article:publisher\" content=\"https:\/\/www.facebook.com\/CHInternational\/\" \/>\n<meta property=\"article:modified_time\" content=\"2024-03-05T14:08:57+00:00\" \/>\n<meta property=\"og:image\" content=\"https:\/\/dev-be.child-help.international\/wp-content\/uploads\/sites\/12\/2024\/02\/IF_Kenya-50-crop-1.jpg\" \/>\n\t<meta property=\"og:image:width\" content=\"1367\" \/>\n\t<meta property=\"og:image:height\" content=\"911\" \/>\n\t<meta property=\"og:image:type\" content=\"image\/jpeg\" \/>\n<meta name=\"twitter:card\" content=\"summary_large_image\" \/>\n<meta name=\"twitter:label1\" content=\"Dur\u00e9e de lecture est.\" \/>\n\t<meta name=\"twitter:data1\" content=\"1 minute\" \/>\n<script type=\"application\/ld+json\" class=\"yoast-schema-graph\">{\"@context\":\"https:\/\/schema.org\",\"@graph\":[{\"@type\":\"WebPage\",\"@id\":\"https:\/\/dev-be.child-help.international\/fr\/over\/\",\"url\":\"https:\/\/dev-be.child-help.international\/fr\/over\/\",\"name\":\"Over ons - ChildHelp BE\",\"isPartOf\":{\"@id\":\"https:\/\/dev-be.child-help.international\/fr\/#website\"},\"datePublished\":\"2023-10-26T20:19:52+00:00\",\"dateModified\":\"2024-03-05T14:08:57+00:00\",\"breadcrumb\":{\"@id\":\"https:\/\/dev-be.child-help.international\/fr\/over\/#breadcrumb\"},\"inLanguage\":\"fr-BE\",\"potentialAction\":[{\"@type\":\"ReadAction\",\"target\":[\"https:\/\/dev-be.child-help.international\/fr\/over\/\"]}]},{\"@type\":\"BreadcrumbList\",\"@id\":\"https:\/\/dev-be.child-help.international\/fr\/over\/#breadcrumb\",\"itemListElement\":[{\"@type\":\"ListItem\",\"position\":1,\"name\":\"Home\",\"item\":\"https:\/\/dev-be.child-help.international\/\"},{\"@type\":\"ListItem\",\"position\":2,\"name\":\"Over ons\"}]},{\"@type\":\"WebSite\",\"@id\":\"https:\/\/dev-be.child-help.international\/fr\/#website\",\"url\":\"https:\/\/dev-be.child-help.international\/fr\/\",\"name\":\"Child-Help Belgium\",\"description\":\"\",\"publisher\":{\"@id\":\"https:\/\/dev-be.child-help.international\/fr\/#organization\"},\"potentialAction\":[{\"@type\":\"SearchAction\",\"target\":{\"@type\":\"EntryPoint\",\"urlTemplate\":\"https:\/\/dev-be.child-help.international\/fr\/?s={search_term_string}\"},\"query-input\":{\"@type\":\"PropertyValueSpecification\",\"valueRequired\":true,\"valueName\":\"search_term_string\"}}],\"inLanguage\":\"fr-BE\"},{\"@type\":\"Organization\",\"@id\":\"https:\/\/dev-be.child-help.international\/fr\/#organization\",\"name\":\"Child-Help Belgium\",\"url\":\"https:\/\/dev-be.child-help.international\/fr\/\",\"logo\":{\"@type\":\"ImageObject\",\"inLanguage\":\"fr-BE\",\"@id\":\"https:\/\/dev-be.child-help.international\/fr\/#\/schema\/logo\/image\/\",\"url\":\"https:\/\/staging.dev-be.child-help.international\/wp-content\/uploads\/sites\/12\/2023\/10\/logo.png\",\"contentUrl\":\"https:\/\/staging.dev-be.child-help.international\/wp-content\/uploads\/sites\/12\/2023\/10\/logo.png\",\"width\":100,\"height\":58,\"caption\":\"Child-Help Belgium\"},\"image\":{\"@id\":\"https:\/\/dev-be.child-help.international\/fr\/#\/schema\/logo\/image\/\"},\"sameAs\":[\"https:\/\/www.facebook.com\/CHInternational\/\",\"https:\/\/www.instagram.com\/child_help.be\/\"]}]}<\/script>\n<!-- \/ Yoast SEO plugin. -->","yoast_head_json":{"title":"Over ons - ChildHelp BE","robots":{"index":"index","follow":"follow","max-snippet":"max-snippet:-1","max-image-preview":"max-image-preview:large","max-video-preview":"max-video-preview:-1"},"canonical":"https:\/\/dev-be.child-help.international\/fr\/over\/","og_locale":"fr_FR","og_type":"article","og_title":"Over ons - ChildHelp BE","og_description":"Child-Help ontstond uit de solidariteit tussen mensen die met spina bifida en\/of een hydrocefalie geconfronteerd werden in Belgi\u00eb en hun lotgenoten in het Zuiden. Zij voelen zich betrokken met hen omdat ze weten hoe complex het is om een kind met een aangeboren handicap op te vangen en te begeleiden naar een volwaardig en zelfstandig [&hellip;]","og_url":"https:\/\/dev-be.child-help.international\/fr\/over\/","og_site_name":"ChildHelp BE","article_publisher":"https:\/\/www.facebook.com\/CHInternational\/","article_modified_time":"2024-03-05T14:08:57+00:00","og_image":[{"width":1367,"height":911,"url":"https:\/\/dev-be.child-help.international\/wp-content\/uploads\/sites\/12\/2024\/02\/IF_Kenya-50-crop-1.jpg","type":"image\/jpeg"}],"twitter_card":"summary_large_image","twitter_misc":{"Dur\u00e9e de lecture est.":"1 minute"},"schema":{"@context":"https:\/\/schema.org","@graph":[{"@type":"WebPage","@id":"https:\/\/dev-be.child-help.international\/fr\/over\/","url":"https:\/\/dev-be.child-help.international\/fr\/over\/","name":"Over ons - ChildHelp BE","isPartOf":{"@id":"https:\/\/dev-be.child-help.international\/fr\/#website"},"datePublished":"2023-10-26T20:19:52+00:00","dateModified":"2024-03-05T14:08:57+00:00","breadcrumb":{"@id":"https:\/\/dev-be.child-help.international\/fr\/over\/#breadcrumb"},"inLanguage":"fr-BE","potentialAction":[{"@type":"ReadAction","target":["https:\/\/dev-be.child-help.international\/fr\/over\/"]}]},{"@type":"BreadcrumbList","@id":"https:\/\/dev-be.child-help.international\/fr\/over\/#breadcrumb","itemListElement":[{"@type":"ListItem","position":1,"name":"Home","item":"https:\/\/dev-be.child-help.international\/"},{"@type":"ListItem","position":2,"name":"Over ons"}]},{"@type":"WebSite","@id":"https:\/\/dev-be.child-help.international\/fr\/#website","url":"https:\/\/dev-be.child-help.international\/fr\/","name":"Child-Help Belgium","description":"","publisher":{"@id":"https:\/\/dev-be.child-help.international\/fr\/#organization"},"potentialAction":[{"@type":"SearchAction","target":{"@type":"EntryPoint","urlTemplate":"https:\/\/dev-be.child-help.international\/fr\/?s={search_term_string}"},"query-input":{"@type":"PropertyValueSpecification","valueRequired":true,"valueName":"search_term_string"}}],"inLanguage":"fr-BE"},{"@type":"Organization","@id":"https:\/\/dev-be.child-help.international\/fr\/#organization","name":"Child-Help Belgium","url":"https:\/\/dev-be.child-help.international\/fr\/","logo":{"@type":"ImageObject","inLanguage":"fr-BE","@id":"https:\/\/dev-be.child-help.international\/fr\/#\/schema\/logo\/image\/","url":"https:\/\/staging.dev-be.child-help.international\/wp-content\/uploads\/sites\/12\/2023\/10\/logo.png","contentUrl":"https:\/\/staging.dev-be.child-help.international\/wp-content\/uploads\/sites\/12\/2023\/10\/logo.png","width":100,"height":58,"caption":"Child-Help Belgium"},"image":{"@id":"https:\/\/dev-be.child-help.international\/fr\/#\/schema\/logo\/image\/"},"sameAs":["https:\/\/www.facebook.com\/CHInternational\/","https:\/\/www.instagram.com\/child_help.be\/"]}]}},"_links":{"self":[{"href":"https:\/\/dev-be.child-help.international\/fr\/wp-json\/wp\/v2\/pages\/172","targetHints":{"allow":["GET"]}}],"collection":[{"href":"https:\/\/dev-be.child-help.international\/fr\/wp-json\/wp\/v2\/pages"}],"about":[{"href":"https:\/\/dev-be.child-help.international\/fr\/wp-json\/wp\/v2\/types\/page"}],"author":[{"embeddable":true,"href":"https:\/\/dev-be.child-help.international\/fr\/wp-json\/wp\/v2\/users\/2"}],"replies":[{"embeddable":true,"href":"https:\/\/dev-be.child-help.international\/fr\/wp-json\/wp\/v2\/comments?post=172"}],"version-history":[{"count":45,"href":"https:\/\/dev-be.child-help.international\/fr\/wp-json\/wp\/v2\/pages\/172\/revisions"}],"predecessor-version":[{"id":1192,"href":"https:\/\/dev-be.child-help.international\/fr\/wp-json\/wp\/v2\/pages\/172\/revisions\/1192"}],"wp:attachment":[{"href":"https:\/\/dev-be.child-help.international\/fr\/wp-json\/wp\/v2\/media?parent=172"}],"curies":[{"name":"wp","href":"https:\/\/api.w.org\/{rel}","templated":true}]}}