{"id":177,"date":"2023-10-26T20:23:37","date_gmt":"2023-10-26T20:23:37","guid":{"rendered":"https:\/\/belgium.child-help.international\/?page_id=177"},"modified":"2024-10-15T13:34:44","modified_gmt":"2024-10-15T13:34:44","slug":"contact","status":"publish","type":"page","link":"https:\/\/dev-be.child-help.international\/fr\/contact\/","title":{"rendered":"Contact"},"content":{"rendered":"<div class=\"wpforms-container wpforms-container-full\" id=\"wpforms-719\"><form id=\"wpforms-form-719\" class=\"wpforms-validate wpforms-form\" data-formid=\"719\" method=\"post\" enctype=\"multipart\/form-data\" action=\"\/fr\/wp-json\/wp\/v2\/pages\/177\" data-token=\"8708a393be1172e72821c046f8d0c240\" data-token-time=\"1778326079\" data-trp-original-action=\"\/fr\/wp-json\/wp\/v2\/pages\/177\"><noscript class=\"wpforms-error-noscript\">Veuillez activer JavaScript dans votre navigateur pour remplir ce formulaire.<\/noscript><div class=\"wpforms-field-container\"><div id=\"wpforms-719-field_0-container\" class=\"wpforms-field wpforms-field-name\" data-field-id=\"0\"><label class=\"wpforms-field-label\" for=\"wpforms-719-field_0\">Nom <span class=\"wpforms-required-label\">*<\/span><\/label><div class=\"wpforms-field-row wpforms-field-large\"><div class=\"wpforms-field-row-block wpforms-first wpforms-one-half\"><input type=\"text\" id=\"wpforms-719-field_0\" class=\"wpforms-field-name-first wpforms-field-required\" name=\"wpforms[fields][0][first]\" placeholder=\"Pr\u00e9nom\" required><label for=\"wpforms-719-field_0\" class=\"wpforms-field-sublabel after wpforms-sublabel-hide\">Pr\u00e9nom<\/label><\/div><div class=\"wpforms-field-row-block wpforms-one-half\"><input type=\"text\" id=\"wpforms-719-field_0-last\" class=\"wpforms-field-name-last wpforms-field-required\" name=\"wpforms[fields][0][last]\" placeholder=\"Nom de famille\" required><label for=\"wpforms-719-field_0-last\" class=\"wpforms-field-sublabel after wpforms-sublabel-hide\">Nom<\/label><\/div><\/div><\/div><div id=\"wpforms-719-field_6-container\" class=\"wpforms-field wpforms-field-layout\" data-field-id=\"6\"><div class=\"wpforms-field-layout-columns wpforms-field-layout-preset-50-50\"><div class=\"wpforms-layout-column wpforms-layout-column-50\" ><div id=\"wpforms-719-field_5-container\" class=\"wpforms-field wpforms-field-text\" data-field-id=\"5\"><label class=\"wpforms-field-label\" for=\"wpforms-719-field_5\">T\u00e9l\u00e9phone<\/label><input type=\"text\" id=\"wpforms-719-field_5\" class=\"wpforms-field-large\" name=\"wpforms[fields][5]\" placeholder=\"Ex. +32 470 12 34 56\" ><\/div><\/div><div class=\"wpforms-layout-column wpforms-layout-column-50\" ><div id=\"wpforms-719-field_1-container\" class=\"wpforms-field wpforms-field-email\" data-field-id=\"1\"><label class=\"wpforms-field-label\" for=\"wpforms-719-field_1\">Courriel <span class=\"wpforms-required-label\">*<\/span><\/label><input type=\"email\" id=\"wpforms-719-field_1\" class=\"wpforms-field-large wpforms-field-required\" name=\"wpforms[fields][1]\" spellcheck=\"false\" required><\/div><\/div><\/div><\/div><div id=\"wpforms-719-field_7-container\" class=\"wpforms-field wpforms-field-text\" data-field-id=\"7\"><label class=\"wpforms-field-label\" for=\"wpforms-719-field_7\">Sujet<\/label><input type=\"text\" id=\"wpforms-719-field_7\" class=\"wpforms-field-large\" name=\"wpforms[fields][7]\" placeholder=\"Ex. information\" ><\/div><div id=\"wpforms-719-field_8-container\" class=\"wpforms-field wpforms-field-select wpforms-field-select-style-classic\" data-field-id=\"8\"><label class=\"wpforms-field-label\" for=\"wpforms-719-field_8\">Pays<\/label><select id=\"wpforms-719-field_8\" class=\"wpforms-field-large\" name=\"wpforms[fields][8]\"><option value=\"Belgi\u00eb\" >Belgique<\/option><option value=\"Frankrijk\" >France<\/option><option value=\"Nederland\" >Pays-Bas<\/option><option value=\"Duitsland\" >Allemagne<\/option><option value=\"Andere\" >Autres<\/option><\/select><\/div><div id=\"wpforms-719-field_2-container\" class=\"wpforms-field wpforms-field-textarea\" data-field-id=\"2\"><label class=\"wpforms-field-label\" for=\"wpforms-719-field_2\">Votre message <span class=\"wpforms-required-label\">*<\/span><\/label><textarea id=\"wpforms-719-field_2\" class=\"wpforms-field-medium wpforms-field-required\" name=\"wpforms[fields][2]\" placeholder=\"Message\" required><\/textarea><\/div><div id=\"wpforms-719-field_9-container\" class=\"wpforms-field wpforms-field-html\" data-field-id=\"9\"><div id=\"wpforms-719-field_9\">Nous respectons votre vie priv\u00e9e. Vos donn\u00e9es seront toujours trait\u00e9es de mani\u00e8re confidentielle.<\/div><\/div><\/div><!-- .wpforms-field-container --><div class=\"wpforms-field wpforms-field-hp\"><label for=\"wpforms-719-field-hp\" class=\"wpforms-field-label\">Nom<\/label><input type=\"text\" name=\"wpforms[hp]\" id=\"wpforms-719-field-hp\" class=\"wpforms-field-medium\"><\/div><div class=\"wpforms-submit-container\" ><input type=\"hidden\" name=\"wpforms[id]\" value=\"719\"><input type=\"hidden\" name=\"page_title\" value=\"\"><input type=\"hidden\" name=\"page_url\" value=\"https:\/\/dev-be.child-help.international\/fr\/wp-json\/wp\/v2\/pages\/177\"><button type=\"submit\" name=\"wpforms[submit]\" id=\"wpforms-submit-719\" class=\"wpforms-submit button\" data-alt-text=\"Verzenden...\" data-submit-text=\"Stuur uw bericht\" aria-live=\"assertive\" value=\"wpforms-submit\">Envoyez votre message<\/button><\/div><input type=\"hidden\" name=\"trp-form-language\" value=\"fr\"\/><\/form><\/div>  <!-- .wpforms-container -->\n<p>&nbsp;<\/p>\n<p>Child-Help VZW - De Keyserlei 60C bus 1301 - 2018 Anvers<\/p>\n<p>Tel : +32 474 63 16 38 (Mieke) ou +32 478 94 16 33 (Lies)<\/p>\n<p>Courriel :\u00a0<a href=\"mailto:info@dev-be.child-help.international\">info@dev-be.child-help.international<\/a><\/p>\n<p>IBAN : BE56 7380 1971 7088<br \/>\nBIC : KREDBEBB<\/p>\n<p>Num\u00e9ro d'entreprise : N.N. 883.566.169<\/p>","protected":false},"excerpt":{"rendered":"<p>&nbsp; Child-Help VZW &#8211; De Keyserlei 60C bus 1301 &#8211; 2018 Antwerpen Tel.: +32 474 63 16 38 (Mieke) of +32 478 94 16 33 (Lies) Email:\u00a0info@dev-be.child-help.international IBAN: BE56 7380 1971 7088 BIC: KREDBEBB Ondernemingsnummer: N.N. 883.566.169<\/p>","protected":false},"author":2,"featured_media":504,"parent":0,"menu_order":0,"comment_status":"closed","ping_status":"closed","template":"template-contact.php","meta":{"_acf_changed":false,"inline_featured_image":false,"footnotes":""},"class_list":["post-177","page","type-page","status-publish","has-post-thumbnail","hentry"],"acf":[],"yoast_head":"<!-- This site is optimized with the Yoast SEO plugin v27.0 - https:\/\/yoast.com\/product\/yoast-seo-wordpress\/ -->\n<title>Contact - ChildHelp BE<\/title>\n<meta name=\"robots\" content=\"index, follow, max-snippet:-1, max-image-preview:large, max-video-preview:-1\" \/>\n<link rel=\"canonical\" href=\"https:\/\/dev-be.child-help.international\/fr\/contact\/\" \/>\n<meta property=\"og:locale\" content=\"fr_FR\" \/>\n<meta property=\"og:type\" content=\"article\" \/>\n<meta property=\"og:title\" content=\"Contact - ChildHelp BE\" \/>\n<meta property=\"og:description\" content=\"&nbsp; Child-Help VZW &#8211; De Keyserlei 60C bus 1301 &#8211; 2018 Antwerpen Tel.: +32 474 63 16 38 (Mieke) of +32 478 94 16 33 (Lies) Email:\u00a0info@dev-be.child-help.international IBAN: BE56 7380 1971 7088 BIC: KREDBEBB Ondernemingsnummer: N.N. 883.566.169\" \/>\n<meta property=\"og:url\" content=\"https:\/\/dev-be.child-help.international\/fr\/contact\/\" \/>\n<meta property=\"og:site_name\" content=\"ChildHelp BE\" \/>\n<meta property=\"article:publisher\" content=\"https:\/\/www.facebook.com\/CHInternational\/\" \/>\n<meta property=\"article:modified_time\" content=\"2024-10-15T13:34:44+00:00\" \/>\n<meta property=\"og:image\" content=\"https:\/\/dev-be.child-help.international\/wp-content\/uploads\/sites\/12\/2023\/12\/contact.jpg\" \/>\n\t<meta property=\"og:image:width\" content=\"625\" \/>\n\t<meta property=\"og:image:height\" content=\"860\" \/>\n\t<meta property=\"og:image:type\" content=\"image\/jpeg\" \/>\n<meta name=\"twitter:card\" content=\"summary_large_image\" \/>\n<meta name=\"twitter:label1\" content=\"Dur\u00e9e de lecture est.\" \/>\n\t<meta name=\"twitter:data1\" content=\"1 minute\" \/>\n<script type=\"application\/ld+json\" class=\"yoast-schema-graph\">{\"@context\":\"https:\/\/schema.org\",\"@graph\":[{\"@type\":\"WebPage\",\"@id\":\"https:\/\/dev-be.child-help.international\/fr\/contact\/\",\"url\":\"https:\/\/dev-be.child-help.international\/fr\/contact\/\",\"name\":\"Contact - ChildHelp BE\",\"isPartOf\":{\"@id\":\"https:\/\/dev-be.child-help.international\/fr\/#website\"},\"primaryImageOfPage\":{\"@id\":\"https:\/\/dev-be.child-help.international\/fr\/contact\/#primaryimage\"},\"image\":{\"@id\":\"https:\/\/dev-be.child-help.international\/fr\/contact\/#primaryimage\"},\"thumbnailUrl\":\"https:\/\/dev-be.child-help.international\/wp-content\/uploads\/sites\/12\/2023\/12\/contact.jpg\",\"datePublished\":\"2023-10-26T20:23:37+00:00\",\"dateModified\":\"2024-10-15T13:34:44+00:00\",\"breadcrumb\":{\"@id\":\"https:\/\/dev-be.child-help.international\/fr\/contact\/#breadcrumb\"},\"inLanguage\":\"fr-BE\",\"potentialAction\":[{\"@type\":\"ReadAction\",\"target\":[\"https:\/\/dev-be.child-help.international\/fr\/contact\/\"]}]},{\"@type\":\"ImageObject\",\"inLanguage\":\"fr-BE\",\"@id\":\"https:\/\/dev-be.child-help.international\/fr\/contact\/#primaryimage\",\"url\":\"https:\/\/dev-be.child-help.international\/wp-content\/uploads\/sites\/12\/2023\/12\/contact.jpg\",\"contentUrl\":\"https:\/\/dev-be.child-help.international\/wp-content\/uploads\/sites\/12\/2023\/12\/contact.jpg\",\"width\":625,\"height\":860},{\"@type\":\"BreadcrumbList\",\"@id\":\"https:\/\/dev-be.child-help.international\/fr\/contact\/#breadcrumb\",\"itemListElement\":[{\"@type\":\"ListItem\",\"position\":1,\"name\":\"Home\",\"item\":\"https:\/\/dev-be.child-help.international\/\"},{\"@type\":\"ListItem\",\"position\":2,\"name\":\"Contact\"}]},{\"@type\":\"WebSite\",\"@id\":\"https:\/\/dev-be.child-help.international\/fr\/#website\",\"url\":\"https:\/\/dev-be.child-help.international\/fr\/\",\"name\":\"Child-Help Belgium\",\"description\":\"\",\"publisher\":{\"@id\":\"https:\/\/dev-be.child-help.international\/fr\/#organization\"},\"potentialAction\":[{\"@type\":\"SearchAction\",\"target\":{\"@type\":\"EntryPoint\",\"urlTemplate\":\"https:\/\/dev-be.child-help.international\/fr\/?s={search_term_string}\"},\"query-input\":{\"@type\":\"PropertyValueSpecification\",\"valueRequired\":true,\"valueName\":\"search_term_string\"}}],\"inLanguage\":\"fr-BE\"},{\"@type\":\"Organization\",\"@id\":\"https:\/\/dev-be.child-help.international\/fr\/#organization\",\"name\":\"Child-Help Belgium\",\"url\":\"https:\/\/dev-be.child-help.international\/fr\/\",\"logo\":{\"@type\":\"ImageObject\",\"inLanguage\":\"fr-BE\",\"@id\":\"https:\/\/dev-be.child-help.international\/fr\/#\/schema\/logo\/image\/\",\"url\":\"https:\/\/staging.dev-be.child-help.international\/wp-content\/uploads\/sites\/12\/2023\/10\/logo.png\",\"contentUrl\":\"https:\/\/staging.dev-be.child-help.international\/wp-content\/uploads\/sites\/12\/2023\/10\/logo.png\",\"width\":100,\"height\":58,\"caption\":\"Child-Help Belgium\"},\"image\":{\"@id\":\"https:\/\/dev-be.child-help.international\/fr\/#\/schema\/logo\/image\/\"},\"sameAs\":[\"https:\/\/www.facebook.com\/CHInternational\/\",\"https:\/\/www.instagram.com\/child_help.be\/\"]}]}<\/script>\n<!-- \/ Yoast SEO plugin. -->","yoast_head_json":{"title":"Contact - ChildHelp BE","robots":{"index":"index","follow":"follow","max-snippet":"max-snippet:-1","max-image-preview":"max-image-preview:large","max-video-preview":"max-video-preview:-1"},"canonical":"https:\/\/dev-be.child-help.international\/fr\/contact\/","og_locale":"fr_FR","og_type":"article","og_title":"Contact - ChildHelp BE","og_description":"&nbsp; Child-Help VZW &#8211; De Keyserlei 60C bus 1301 &#8211; 2018 Antwerpen Tel.: +32 474 63 16 38 (Mieke) of +32 478 94 16 33 (Lies) Email:\u00a0info@dev-be.child-help.international IBAN: BE56 7380 1971 7088 BIC: KREDBEBB Ondernemingsnummer: N.N. 883.566.169","og_url":"https:\/\/dev-be.child-help.international\/fr\/contact\/","og_site_name":"ChildHelp BE","article_publisher":"https:\/\/www.facebook.com\/CHInternational\/","article_modified_time":"2024-10-15T13:34:44+00:00","og_image":[{"width":625,"height":860,"url":"https:\/\/dev-be.child-help.international\/wp-content\/uploads\/sites\/12\/2023\/12\/contact.jpg","type":"image\/jpeg"}],"twitter_card":"summary_large_image","twitter_misc":{"Dur\u00e9e de lecture est.":"1 minute"},"schema":{"@context":"https:\/\/schema.org","@graph":[{"@type":"WebPage","@id":"https:\/\/dev-be.child-help.international\/fr\/contact\/","url":"https:\/\/dev-be.child-help.international\/fr\/contact\/","name":"Contact - ChildHelp BE","isPartOf":{"@id":"https:\/\/dev-be.child-help.international\/fr\/#website"},"primaryImageOfPage":{"@id":"https:\/\/dev-be.child-help.international\/fr\/contact\/#primaryimage"},"image":{"@id":"https:\/\/dev-be.child-help.international\/fr\/contact\/#primaryimage"},"thumbnailUrl":"https:\/\/dev-be.child-help.international\/wp-content\/uploads\/sites\/12\/2023\/12\/contact.jpg","datePublished":"2023-10-26T20:23:37+00:00","dateModified":"2024-10-15T13:34:44+00:00","breadcrumb":{"@id":"https:\/\/dev-be.child-help.international\/fr\/contact\/#breadcrumb"},"inLanguage":"fr-BE","potentialAction":[{"@type":"ReadAction","target":["https:\/\/dev-be.child-help.international\/fr\/contact\/"]}]},{"@type":"ImageObject","inLanguage":"fr-BE","@id":"https:\/\/dev-be.child-help.international\/fr\/contact\/#primaryimage","url":"https:\/\/dev-be.child-help.international\/wp-content\/uploads\/sites\/12\/2023\/12\/contact.jpg","contentUrl":"https:\/\/dev-be.child-help.international\/wp-content\/uploads\/sites\/12\/2023\/12\/contact.jpg","width":625,"height":860},{"@type":"BreadcrumbList","@id":"https:\/\/dev-be.child-help.international\/fr\/contact\/#breadcrumb","itemListElement":[{"@type":"ListItem","position":1,"name":"Home","item":"https:\/\/dev-be.child-help.international\/"},{"@type":"ListItem","position":2,"name":"Contact"}]},{"@type":"WebSite","@id":"https:\/\/dev-be.child-help.international\/fr\/#website","url":"https:\/\/dev-be.child-help.international\/fr\/","name":"Child-Help Belgium","description":"","publisher":{"@id":"https:\/\/dev-be.child-help.international\/fr\/#organization"},"potentialAction":[{"@type":"SearchAction","target":{"@type":"EntryPoint","urlTemplate":"https:\/\/dev-be.child-help.international\/fr\/?s={search_term_string}"},"query-input":{"@type":"PropertyValueSpecification","valueRequired":true,"valueName":"search_term_string"}}],"inLanguage":"fr-BE"},{"@type":"Organization","@id":"https:\/\/dev-be.child-help.international\/fr\/#organization","name":"Child-Help Belgium","url":"https:\/\/dev-be.child-help.international\/fr\/","logo":{"@type":"ImageObject","inLanguage":"fr-BE","@id":"https:\/\/dev-be.child-help.international\/fr\/#\/schema\/logo\/image\/","url":"https:\/\/staging.dev-be.child-help.international\/wp-content\/uploads\/sites\/12\/2023\/10\/logo.png","contentUrl":"https:\/\/staging.dev-be.child-help.international\/wp-content\/uploads\/sites\/12\/2023\/10\/logo.png","width":100,"height":58,"caption":"Child-Help Belgium"},"image":{"@id":"https:\/\/dev-be.child-help.international\/fr\/#\/schema\/logo\/image\/"},"sameAs":["https:\/\/www.facebook.com\/CHInternational\/","https:\/\/www.instagram.com\/child_help.be\/"]}]}},"_links":{"self":[{"href":"https:\/\/dev-be.child-help.international\/fr\/wp-json\/wp\/v2\/pages\/177","targetHints":{"allow":["GET"]}}],"collection":[{"href":"https:\/\/dev-be.child-help.international\/fr\/wp-json\/wp\/v2\/pages"}],"about":[{"href":"https:\/\/dev-be.child-help.international\/fr\/wp-json\/wp\/v2\/types\/page"}],"author":[{"embeddable":true,"href":"https:\/\/dev-be.child-help.international\/fr\/wp-json\/wp\/v2\/users\/2"}],"replies":[{"embeddable":true,"href":"https:\/\/dev-be.child-help.international\/fr\/wp-json\/wp\/v2\/comments?post=177"}],"version-history":[{"count":9,"href":"https:\/\/dev-be.child-help.international\/fr\/wp-json\/wp\/v2\/pages\/177\/revisions"}],"predecessor-version":[{"id":2060,"href":"https:\/\/dev-be.child-help.international\/fr\/wp-json\/wp\/v2\/pages\/177\/revisions\/2060"}],"wp:featuredmedia":[{"embeddable":true,"href":"https:\/\/dev-be.child-help.international\/fr\/wp-json\/wp\/v2\/media\/504"}],"wp:attachment":[{"href":"https:\/\/dev-be.child-help.international\/fr\/wp-json\/wp\/v2\/media?parent=177"}],"curies":[{"name":"wp","href":"https:\/\/api.w.org\/{rel}","templated":true}]}}