{"id":463,"date":"2023-11-30T08:50:48","date_gmt":"2023-11-30T08:50:48","guid":{"rendered":"https:\/\/belgium.child-help.international\/?page_id=463"},"modified":"2024-03-05T14:06:18","modified_gmt":"2024-03-05T14:06:18","slug":"waarom-helpen","status":"publish","type":"page","link":"https:\/\/dev-be.child-help.international\/fr\/waarom-helpen\/","title":{"rendered":"Pourquoi aider ?"},"content":{"rendered":"<p>Child-Help organise l'aide aux enfants atteints de spina bifida et d'hydroc\u00e9phalie dans les pays en d\u00e9veloppement. Le renforcement des groupes d'entraide et le soutien des initiatives locales sont au c\u0153ur de cette action.<\/p>\n<p dir=\"ltr\">Child-Help n'abandonne pas ces familles, il les aide \u00e0 prendre soin de leur enfant afin qu'il puisse aller \u00e0 l'\u00e9cole avec les autres, \u00e9tudier, puis travailler et fonder une famille.<\/p>\n<p dir=\"ltr\">Nous sommes tr\u00e8s fiers de voir aujourd'hui les premiers adultes atteints de spina-bifida qui se sont construits une vie stable gr\u00e2ce \u00e0 votre soutien.\u00a0<strong>Cela montre que votre aide change des vies<\/strong>. L'histoire de Francesca en est une bonne illustration.<\/p>\n<p dir=\"ltr\">Chaque ann\u00e9e, environ un million de familles dans le monde sont confront\u00e9es \u00e0 ces handicaps. L\u2019hydroc\u00e9phalie et le spina bifida sont parfois appel\u00e9s \"les tueurs silencieux comme le paludisme\". Au niveau mondial, ces probl\u00e8mes de sant\u00e9 ne recueillent qu'une attention tr\u00e8s limit\u00e9e.<\/p>\n<p dir=\"ltr\">Avec votre contribution, en plus du financement des \u00e9quipements m\u00e9dicaux et des op\u00e9rations, vous investissez \u00e9galement dans la recherche fondamentale sur les causes de ces handicaps et encouragez la pr\u00e9vention primaire comme la promotion de l'acide folique et d'une alimentation saine et vari\u00e9e. Ainsi, \u00e0 l'avenir, vous pr\u00e9venez la survenance de ces handicaps.<\/p>\n<h2>Les origines de Child-Help<\/h2>\n<p dir=\"ltr\">Child-Help a \u00e9t\u00e9 cr\u00e9\u00e9 par des parents d'enfants atteints du m\u00eame handicap en Belgique. Ils savent \u00e0 quel point les soins sont complexes. Les parents apprennent beaucoup de leurs semblables. C'est pourquoi Child-Help soutient dans tous ses projets les groupes de parents, qui, \u00e0 leur tour se soutiennent mutuellement et luttent ensemble sur le plan politique pour des soins de sant\u00e9 accessibles.<\/p>\n<p>Aider les enfants atteints de spina-bifida ou d\u2019hydroc\u00e9phalie? Vous pouvez le faire ! Faites un don\u00a0<a href=\"https:\/\/www.dev-be.child-help.international\/nl\/#entry:2@1:url\" target=\"_blank\" rel=\"noreferrer noopener\">ou effectuer un versement mensuel<\/a>\u00a0pour soutenir l\u2019action de Child-Help et pr\u00e9venir ces handicaps.<\/p>","protected":false},"excerpt":{"rendered":"<p>Child-Help organiseert hulp voor kinderen met spina bifida (open rug) en hydrocefalie (waterhoofd) in ontwikkelingslanden. De versterking van zelfhulpgroepen en ondersteuning van lokale initiatieven staan hierbij centraal. Child-Help laat deze gezinnen niet in de steek en helpt hen in de verdere zorg voor hun kind zodat het met zijn leeftijdgenootjes school kan lopen, studeren en [&hellip;]<\/p>","protected":false},"author":4,"featured_media":0,"parent":0,"menu_order":0,"comment_status":"closed","ping_status":"closed","template":"","meta":{"_acf_changed":false,"inline_featured_image":false,"footnotes":""},"class_list":["post-463","page","type-page","status-publish","hentry"],"acf":[],"yoast_head":"<!-- This site is optimized with the Yoast SEO plugin v27.0 - https:\/\/yoast.com\/product\/yoast-seo-wordpress\/ -->\n<title>Waarom helpen? - ChildHelp BE<\/title>\n<meta name=\"robots\" content=\"index, follow, max-snippet:-1, max-image-preview:large, max-video-preview:-1\" \/>\n<link rel=\"canonical\" href=\"https:\/\/dev-be.child-help.international\/fr\/waarom-helpen\/\" \/>\n<meta property=\"og:locale\" content=\"fr_FR\" \/>\n<meta property=\"og:type\" content=\"article\" \/>\n<meta property=\"og:title\" content=\"Waarom helpen? - ChildHelp BE\" \/>\n<meta property=\"og:description\" content=\"Child-Help organiseert hulp voor kinderen met spina bifida (open rug) en hydrocefalie (waterhoofd) in ontwikkelingslanden. De versterking van zelfhulpgroepen en ondersteuning van lokale initiatieven staan hierbij centraal. Child-Help laat deze gezinnen niet in de steek en helpt hen in de verdere zorg voor hun kind zodat het met zijn leeftijdgenootjes school kan lopen, studeren en [&hellip;]\" \/>\n<meta property=\"og:url\" content=\"https:\/\/dev-be.child-help.international\/fr\/waarom-helpen\/\" \/>\n<meta property=\"og:site_name\" content=\"ChildHelp BE\" \/>\n<meta property=\"article:publisher\" content=\"https:\/\/www.facebook.com\/CHInternational\/\" \/>\n<meta property=\"article:modified_time\" content=\"2024-03-05T14:06:18+00:00\" \/>\n<meta property=\"og:image\" content=\"https:\/\/dev-be.child-help.international\/wp-content\/uploads\/sites\/12\/2024\/02\/IF_Kenya-50-crop-1.jpg\" \/>\n\t<meta property=\"og:image:width\" content=\"1367\" \/>\n\t<meta property=\"og:image:height\" content=\"911\" \/>\n\t<meta property=\"og:image:type\" content=\"image\/jpeg\" \/>\n<meta name=\"twitter:card\" content=\"summary_large_image\" \/>\n<meta name=\"twitter:label1\" content=\"Dur\u00e9e de lecture est.\" \/>\n\t<meta name=\"twitter:data1\" content=\"2 minutes\" \/>\n<script type=\"application\/ld+json\" class=\"yoast-schema-graph\">{\"@context\":\"https:\/\/schema.org\",\"@graph\":[{\"@type\":\"WebPage\",\"@id\":\"https:\/\/dev-be.child-help.international\/fr\/waarom-helpen\/\",\"url\":\"https:\/\/dev-be.child-help.international\/fr\/waarom-helpen\/\",\"name\":\"Waarom helpen? - ChildHelp BE\",\"isPartOf\":{\"@id\":\"https:\/\/dev-be.child-help.international\/fr\/#website\"},\"datePublished\":\"2023-11-30T08:50:48+00:00\",\"dateModified\":\"2024-03-05T14:06:18+00:00\",\"breadcrumb\":{\"@id\":\"https:\/\/dev-be.child-help.international\/fr\/waarom-helpen\/#breadcrumb\"},\"inLanguage\":\"fr-BE\",\"potentialAction\":[{\"@type\":\"ReadAction\",\"target\":[\"https:\/\/dev-be.child-help.international\/fr\/waarom-helpen\/\"]}]},{\"@type\":\"BreadcrumbList\",\"@id\":\"https:\/\/dev-be.child-help.international\/fr\/waarom-helpen\/#breadcrumb\",\"itemListElement\":[{\"@type\":\"ListItem\",\"position\":1,\"name\":\"Home\",\"item\":\"https:\/\/dev-be.child-help.international\/\"},{\"@type\":\"ListItem\",\"position\":2,\"name\":\"Waarom helpen?\"}]},{\"@type\":\"WebSite\",\"@id\":\"https:\/\/dev-be.child-help.international\/fr\/#website\",\"url\":\"https:\/\/dev-be.child-help.international\/fr\/\",\"name\":\"Child-Help Belgium\",\"description\":\"\",\"publisher\":{\"@id\":\"https:\/\/dev-be.child-help.international\/fr\/#organization\"},\"potentialAction\":[{\"@type\":\"SearchAction\",\"target\":{\"@type\":\"EntryPoint\",\"urlTemplate\":\"https:\/\/dev-be.child-help.international\/fr\/?s={search_term_string}\"},\"query-input\":{\"@type\":\"PropertyValueSpecification\",\"valueRequired\":true,\"valueName\":\"search_term_string\"}}],\"inLanguage\":\"fr-BE\"},{\"@type\":\"Organization\",\"@id\":\"https:\/\/dev-be.child-help.international\/fr\/#organization\",\"name\":\"Child-Help Belgium\",\"url\":\"https:\/\/dev-be.child-help.international\/fr\/\",\"logo\":{\"@type\":\"ImageObject\",\"inLanguage\":\"fr-BE\",\"@id\":\"https:\/\/dev-be.child-help.international\/fr\/#\/schema\/logo\/image\/\",\"url\":\"https:\/\/staging.dev-be.child-help.international\/wp-content\/uploads\/sites\/12\/2023\/10\/logo.png\",\"contentUrl\":\"https:\/\/staging.dev-be.child-help.international\/wp-content\/uploads\/sites\/12\/2023\/10\/logo.png\",\"width\":100,\"height\":58,\"caption\":\"Child-Help Belgium\"},\"image\":{\"@id\":\"https:\/\/dev-be.child-help.international\/fr\/#\/schema\/logo\/image\/\"},\"sameAs\":[\"https:\/\/www.facebook.com\/CHInternational\/\",\"https:\/\/www.instagram.com\/child_help.be\/\"]}]}<\/script>\n<!-- \/ Yoast SEO plugin. -->","yoast_head_json":{"title":"Waarom helpen? - ChildHelp BE","robots":{"index":"index","follow":"follow","max-snippet":"max-snippet:-1","max-image-preview":"max-image-preview:large","max-video-preview":"max-video-preview:-1"},"canonical":"https:\/\/dev-be.child-help.international\/fr\/waarom-helpen\/","og_locale":"fr_FR","og_type":"article","og_title":"Waarom helpen? - ChildHelp BE","og_description":"Child-Help organiseert hulp voor kinderen met spina bifida (open rug) en hydrocefalie (waterhoofd) in ontwikkelingslanden. De versterking van zelfhulpgroepen en ondersteuning van lokale initiatieven staan hierbij centraal. Child-Help laat deze gezinnen niet in de steek en helpt hen in de verdere zorg voor hun kind zodat het met zijn leeftijdgenootjes school kan lopen, studeren en [&hellip;]","og_url":"https:\/\/dev-be.child-help.international\/fr\/waarom-helpen\/","og_site_name":"ChildHelp BE","article_publisher":"https:\/\/www.facebook.com\/CHInternational\/","article_modified_time":"2024-03-05T14:06:18+00:00","og_image":[{"width":1367,"height":911,"url":"https:\/\/dev-be.child-help.international\/wp-content\/uploads\/sites\/12\/2024\/02\/IF_Kenya-50-crop-1.jpg","type":"image\/jpeg"}],"twitter_card":"summary_large_image","twitter_misc":{"Dur\u00e9e de lecture est.":"2 minutes"},"schema":{"@context":"https:\/\/schema.org","@graph":[{"@type":"WebPage","@id":"https:\/\/dev-be.child-help.international\/fr\/waarom-helpen\/","url":"https:\/\/dev-be.child-help.international\/fr\/waarom-helpen\/","name":"Waarom helpen? - ChildHelp BE","isPartOf":{"@id":"https:\/\/dev-be.child-help.international\/fr\/#website"},"datePublished":"2023-11-30T08:50:48+00:00","dateModified":"2024-03-05T14:06:18+00:00","breadcrumb":{"@id":"https:\/\/dev-be.child-help.international\/fr\/waarom-helpen\/#breadcrumb"},"inLanguage":"fr-BE","potentialAction":[{"@type":"ReadAction","target":["https:\/\/dev-be.child-help.international\/fr\/waarom-helpen\/"]}]},{"@type":"BreadcrumbList","@id":"https:\/\/dev-be.child-help.international\/fr\/waarom-helpen\/#breadcrumb","itemListElement":[{"@type":"ListItem","position":1,"name":"Home","item":"https:\/\/dev-be.child-help.international\/"},{"@type":"ListItem","position":2,"name":"Waarom helpen?"}]},{"@type":"WebSite","@id":"https:\/\/dev-be.child-help.international\/fr\/#website","url":"https:\/\/dev-be.child-help.international\/fr\/","name":"Child-Help Belgium","description":"","publisher":{"@id":"https:\/\/dev-be.child-help.international\/fr\/#organization"},"potentialAction":[{"@type":"SearchAction","target":{"@type":"EntryPoint","urlTemplate":"https:\/\/dev-be.child-help.international\/fr\/?s={search_term_string}"},"query-input":{"@type":"PropertyValueSpecification","valueRequired":true,"valueName":"search_term_string"}}],"inLanguage":"fr-BE"},{"@type":"Organization","@id":"https:\/\/dev-be.child-help.international\/fr\/#organization","name":"Child-Help Belgium","url":"https:\/\/dev-be.child-help.international\/fr\/","logo":{"@type":"ImageObject","inLanguage":"fr-BE","@id":"https:\/\/dev-be.child-help.international\/fr\/#\/schema\/logo\/image\/","url":"https:\/\/staging.dev-be.child-help.international\/wp-content\/uploads\/sites\/12\/2023\/10\/logo.png","contentUrl":"https:\/\/staging.dev-be.child-help.international\/wp-content\/uploads\/sites\/12\/2023\/10\/logo.png","width":100,"height":58,"caption":"Child-Help Belgium"},"image":{"@id":"https:\/\/dev-be.child-help.international\/fr\/#\/schema\/logo\/image\/"},"sameAs":["https:\/\/www.facebook.com\/CHInternational\/","https:\/\/www.instagram.com\/child_help.be\/"]}]}},"_links":{"self":[{"href":"https:\/\/dev-be.child-help.international\/fr\/wp-json\/wp\/v2\/pages\/463","targetHints":{"allow":["GET"]}}],"collection":[{"href":"https:\/\/dev-be.child-help.international\/fr\/wp-json\/wp\/v2\/pages"}],"about":[{"href":"https:\/\/dev-be.child-help.international\/fr\/wp-json\/wp\/v2\/types\/page"}],"author":[{"embeddable":true,"href":"https:\/\/dev-be.child-help.international\/fr\/wp-json\/wp\/v2\/users\/4"}],"replies":[{"embeddable":true,"href":"https:\/\/dev-be.child-help.international\/fr\/wp-json\/wp\/v2\/comments?post=463"}],"version-history":[{"count":5,"href":"https:\/\/dev-be.child-help.international\/fr\/wp-json\/wp\/v2\/pages\/463\/revisions"}],"predecessor-version":[{"id":692,"href":"https:\/\/dev-be.child-help.international\/fr\/wp-json\/wp\/v2\/pages\/463\/revisions\/692"}],"wp:attachment":[{"href":"https:\/\/dev-be.child-help.international\/fr\/wp-json\/wp\/v2\/media?parent=463"}],"curies":[{"name":"wp","href":"https:\/\/api.w.org\/{rel}","templated":true}]}}