{"id":469,"date":"2023-11-30T09:18:17","date_gmt":"2023-11-30T09:18:17","guid":{"rendered":"https:\/\/belgium.child-help.international\/?page_id=469"},"modified":"2024-03-05T14:06:42","modified_gmt":"2024-03-05T14:06:42","slug":"wat-doen-we-met-je-donatie","status":"publish","type":"page","link":"https:\/\/dev-be.child-help.international\/fr\/wat-doen-we-met-je-donatie\/","title":{"rendered":"Que faisons-nous de votre don ?"},"content":{"rendered":"<p>De la chirurgie endoscopique \u00e0 la pose de d\u00e9rivations chez les enfants atteints de spina-bifida et d'hydroc\u00e9phalie, votre aide permet de sauver des vies !\u00a0<a href=\"https:\/\/childhelp.koalect.com\/nl-NL\/p\/sauvez-un-enfant\/step-1\" target=\"_blank\" rel=\"noreferrer noopener\">Faites un don ici !<\/a><\/p>\n<p dir=\"ltr\"><strong>Voici ce que nous faisons avec votre don<\/strong><\/p>\n<p dir=\"ltr\">Child-Help s'engage sp\u00e9cifiquement \u00e0 aider les enfants atteints de spina-bifida et d'hydroc\u00e9phalie dans les pays en d\u00e9veloppement.<\/p>\n<p dir=\"ltr\">Si les enfants sont trait\u00e9s d\u00e8s le d\u00e9but de leur vie, ils peuvent mener une vie \u00e9panouie au sein de leur famille, de leur quartier et dans une \u00e9cole ordinaire.<\/p>","protected":false},"excerpt":{"rendered":"<p>Van endoscopische operaties tot shunts plaatsen bij kinderen met spina bifida en hydrocefalie, jouw hulp redt levens!\u00a0Doneer hier! Dit doen we met je donatie Child-Help zet zich specifiek in voor kinderen met spina bifida en waterhoofd in ontwikkelingslanden. Als de kinderen bij het begin van het leven behandeld worden, kunnen ze een volwaardig leven opbouwen [&hellip;]<\/p>","protected":false},"author":4,"featured_media":0,"parent":0,"menu_order":0,"comment_status":"closed","ping_status":"closed","template":"","meta":{"_acf_changed":false,"inline_featured_image":false,"footnotes":""},"class_list":["post-469","page","type-page","status-publish","hentry"],"acf":[],"yoast_head":"<!-- This site is optimized with the Yoast SEO plugin v27.0 - https:\/\/yoast.com\/product\/yoast-seo-wordpress\/ -->\n<title>Wat doen we met je donatie? - ChildHelp BE<\/title>\n<meta name=\"robots\" content=\"index, follow, max-snippet:-1, max-image-preview:large, max-video-preview:-1\" \/>\n<link rel=\"canonical\" href=\"https:\/\/dev-be.child-help.international\/fr\/wat-doen-we-met-je-donatie\/\" \/>\n<meta property=\"og:locale\" content=\"fr_FR\" \/>\n<meta property=\"og:type\" content=\"article\" \/>\n<meta property=\"og:title\" content=\"Wat doen we met je donatie? - ChildHelp BE\" \/>\n<meta property=\"og:description\" content=\"Van endoscopische operaties tot shunts plaatsen bij kinderen met spina bifida en hydrocefalie, jouw hulp redt levens!\u00a0Doneer hier! Dit doen we met je donatie Child-Help zet zich specifiek in voor kinderen met spina bifida en waterhoofd in ontwikkelingslanden. Als de kinderen bij het begin van het leven behandeld worden, kunnen ze een volwaardig leven opbouwen [&hellip;]\" \/>\n<meta property=\"og:url\" content=\"https:\/\/dev-be.child-help.international\/fr\/wat-doen-we-met-je-donatie\/\" \/>\n<meta property=\"og:site_name\" content=\"ChildHelp BE\" \/>\n<meta property=\"article:publisher\" content=\"https:\/\/www.facebook.com\/CHInternational\/\" \/>\n<meta property=\"article:modified_time\" content=\"2024-03-05T14:06:42+00:00\" \/>\n<meta property=\"og:image\" content=\"https:\/\/dev-be.child-help.international\/wp-content\/uploads\/sites\/12\/2024\/02\/IF_Kenya-50-crop-1.jpg\" \/>\n\t<meta property=\"og:image:width\" content=\"1367\" \/>\n\t<meta property=\"og:image:height\" content=\"911\" \/>\n\t<meta property=\"og:image:type\" content=\"image\/jpeg\" \/>\n<meta name=\"twitter:card\" content=\"summary_large_image\" \/>\n<meta name=\"twitter:label1\" content=\"Dur\u00e9e de lecture est.\" \/>\n\t<meta name=\"twitter:data1\" content=\"1 minute\" \/>\n<script type=\"application\/ld+json\" class=\"yoast-schema-graph\">{\"@context\":\"https:\/\/schema.org\",\"@graph\":[{\"@type\":\"WebPage\",\"@id\":\"https:\/\/dev-be.child-help.international\/fr\/wat-doen-we-met-je-donatie\/\",\"url\":\"https:\/\/dev-be.child-help.international\/fr\/wat-doen-we-met-je-donatie\/\",\"name\":\"Wat doen we met je donatie? - ChildHelp BE\",\"isPartOf\":{\"@id\":\"https:\/\/dev-be.child-help.international\/fr\/#website\"},\"datePublished\":\"2023-11-30T09:18:17+00:00\",\"dateModified\":\"2024-03-05T14:06:42+00:00\",\"breadcrumb\":{\"@id\":\"https:\/\/dev-be.child-help.international\/fr\/wat-doen-we-met-je-donatie\/#breadcrumb\"},\"inLanguage\":\"fr-BE\",\"potentialAction\":[{\"@type\":\"ReadAction\",\"target\":[\"https:\/\/dev-be.child-help.international\/fr\/wat-doen-we-met-je-donatie\/\"]}]},{\"@type\":\"BreadcrumbList\",\"@id\":\"https:\/\/dev-be.child-help.international\/fr\/wat-doen-we-met-je-donatie\/#breadcrumb\",\"itemListElement\":[{\"@type\":\"ListItem\",\"position\":1,\"name\":\"Home\",\"item\":\"https:\/\/dev-be.child-help.international\/\"},{\"@type\":\"ListItem\",\"position\":2,\"name\":\"Wat doen we met je donatie?\"}]},{\"@type\":\"WebSite\",\"@id\":\"https:\/\/dev-be.child-help.international\/fr\/#website\",\"url\":\"https:\/\/dev-be.child-help.international\/fr\/\",\"name\":\"Child-Help Belgium\",\"description\":\"\",\"publisher\":{\"@id\":\"https:\/\/dev-be.child-help.international\/fr\/#organization\"},\"potentialAction\":[{\"@type\":\"SearchAction\",\"target\":{\"@type\":\"EntryPoint\",\"urlTemplate\":\"https:\/\/dev-be.child-help.international\/fr\/?s={search_term_string}\"},\"query-input\":{\"@type\":\"PropertyValueSpecification\",\"valueRequired\":true,\"valueName\":\"search_term_string\"}}],\"inLanguage\":\"fr-BE\"},{\"@type\":\"Organization\",\"@id\":\"https:\/\/dev-be.child-help.international\/fr\/#organization\",\"name\":\"Child-Help Belgium\",\"url\":\"https:\/\/dev-be.child-help.international\/fr\/\",\"logo\":{\"@type\":\"ImageObject\",\"inLanguage\":\"fr-BE\",\"@id\":\"https:\/\/dev-be.child-help.international\/fr\/#\/schema\/logo\/image\/\",\"url\":\"https:\/\/staging.dev-be.child-help.international\/wp-content\/uploads\/sites\/12\/2023\/10\/logo.png\",\"contentUrl\":\"https:\/\/staging.dev-be.child-help.international\/wp-content\/uploads\/sites\/12\/2023\/10\/logo.png\",\"width\":100,\"height\":58,\"caption\":\"Child-Help Belgium\"},\"image\":{\"@id\":\"https:\/\/dev-be.child-help.international\/fr\/#\/schema\/logo\/image\/\"},\"sameAs\":[\"https:\/\/www.facebook.com\/CHInternational\/\",\"https:\/\/www.instagram.com\/child_help.be\/\"]}]}<\/script>\n<!-- \/ Yoast SEO plugin. -->","yoast_head_json":{"title":"Wat doen we met je donatie? - ChildHelp BE","robots":{"index":"index","follow":"follow","max-snippet":"max-snippet:-1","max-image-preview":"max-image-preview:large","max-video-preview":"max-video-preview:-1"},"canonical":"https:\/\/dev-be.child-help.international\/fr\/wat-doen-we-met-je-donatie\/","og_locale":"fr_FR","og_type":"article","og_title":"Wat doen we met je donatie? - ChildHelp BE","og_description":"Van endoscopische operaties tot shunts plaatsen bij kinderen met spina bifida en hydrocefalie, jouw hulp redt levens!\u00a0Doneer hier! Dit doen we met je donatie Child-Help zet zich specifiek in voor kinderen met spina bifida en waterhoofd in ontwikkelingslanden. Als de kinderen bij het begin van het leven behandeld worden, kunnen ze een volwaardig leven opbouwen [&hellip;]","og_url":"https:\/\/dev-be.child-help.international\/fr\/wat-doen-we-met-je-donatie\/","og_site_name":"ChildHelp BE","article_publisher":"https:\/\/www.facebook.com\/CHInternational\/","article_modified_time":"2024-03-05T14:06:42+00:00","og_image":[{"width":1367,"height":911,"url":"https:\/\/dev-be.child-help.international\/wp-content\/uploads\/sites\/12\/2024\/02\/IF_Kenya-50-crop-1.jpg","type":"image\/jpeg"}],"twitter_card":"summary_large_image","twitter_misc":{"Dur\u00e9e de lecture est.":"1 minute"},"schema":{"@context":"https:\/\/schema.org","@graph":[{"@type":"WebPage","@id":"https:\/\/dev-be.child-help.international\/fr\/wat-doen-we-met-je-donatie\/","url":"https:\/\/dev-be.child-help.international\/fr\/wat-doen-we-met-je-donatie\/","name":"Wat doen we met je donatie? - ChildHelp BE","isPartOf":{"@id":"https:\/\/dev-be.child-help.international\/fr\/#website"},"datePublished":"2023-11-30T09:18:17+00:00","dateModified":"2024-03-05T14:06:42+00:00","breadcrumb":{"@id":"https:\/\/dev-be.child-help.international\/fr\/wat-doen-we-met-je-donatie\/#breadcrumb"},"inLanguage":"fr-BE","potentialAction":[{"@type":"ReadAction","target":["https:\/\/dev-be.child-help.international\/fr\/wat-doen-we-met-je-donatie\/"]}]},{"@type":"BreadcrumbList","@id":"https:\/\/dev-be.child-help.international\/fr\/wat-doen-we-met-je-donatie\/#breadcrumb","itemListElement":[{"@type":"ListItem","position":1,"name":"Home","item":"https:\/\/dev-be.child-help.international\/"},{"@type":"ListItem","position":2,"name":"Wat doen we met je donatie?"}]},{"@type":"WebSite","@id":"https:\/\/dev-be.child-help.international\/fr\/#website","url":"https:\/\/dev-be.child-help.international\/fr\/","name":"Child-Help Belgium","description":"","publisher":{"@id":"https:\/\/dev-be.child-help.international\/fr\/#organization"},"potentialAction":[{"@type":"SearchAction","target":{"@type":"EntryPoint","urlTemplate":"https:\/\/dev-be.child-help.international\/fr\/?s={search_term_string}"},"query-input":{"@type":"PropertyValueSpecification","valueRequired":true,"valueName":"search_term_string"}}],"inLanguage":"fr-BE"},{"@type":"Organization","@id":"https:\/\/dev-be.child-help.international\/fr\/#organization","name":"Child-Help Belgium","url":"https:\/\/dev-be.child-help.international\/fr\/","logo":{"@type":"ImageObject","inLanguage":"fr-BE","@id":"https:\/\/dev-be.child-help.international\/fr\/#\/schema\/logo\/image\/","url":"https:\/\/staging.dev-be.child-help.international\/wp-content\/uploads\/sites\/12\/2023\/10\/logo.png","contentUrl":"https:\/\/staging.dev-be.child-help.international\/wp-content\/uploads\/sites\/12\/2023\/10\/logo.png","width":100,"height":58,"caption":"Child-Help Belgium"},"image":{"@id":"https:\/\/dev-be.child-help.international\/fr\/#\/schema\/logo\/image\/"},"sameAs":["https:\/\/www.facebook.com\/CHInternational\/","https:\/\/www.instagram.com\/child_help.be\/"]}]}},"_links":{"self":[{"href":"https:\/\/dev-be.child-help.international\/fr\/wp-json\/wp\/v2\/pages\/469","targetHints":{"allow":["GET"]}}],"collection":[{"href":"https:\/\/dev-be.child-help.international\/fr\/wp-json\/wp\/v2\/pages"}],"about":[{"href":"https:\/\/dev-be.child-help.international\/fr\/wp-json\/wp\/v2\/types\/page"}],"author":[{"embeddable":true,"href":"https:\/\/dev-be.child-help.international\/fr\/wp-json\/wp\/v2\/users\/4"}],"replies":[{"embeddable":true,"href":"https:\/\/dev-be.child-help.international\/fr\/wp-json\/wp\/v2\/comments?post=469"}],"version-history":[{"count":4,"href":"https:\/\/dev-be.child-help.international\/fr\/wp-json\/wp\/v2\/pages\/469\/revisions"}],"predecessor-version":[{"id":1075,"href":"https:\/\/dev-be.child-help.international\/fr\/wp-json\/wp\/v2\/pages\/469\/revisions\/1075"}],"wp:attachment":[{"href":"https:\/\/dev-be.child-help.international\/fr\/wp-json\/wp\/v2\/media?parent=469"}],"curies":[{"name":"wp","href":"https:\/\/api.w.org\/{rel}","templated":true}]}}