{"id":653,"date":"2023-12-19T09:08:46","date_gmt":"2023-12-19T09:08:46","guid":{"rendered":"https:\/\/belgium.child-help.international\/?page_id=653"},"modified":"2024-08-09T11:50:19","modified_gmt":"2024-08-09T11:50:19","slug":"jaarverslagen","status":"publish","type":"page","link":"https:\/\/dev-be.child-help.international\/fr\/publicaties\/jaarverslagen\/","title":{"rendered":"Rapports annuels"},"content":{"rendered":"<p>Nous tenons \u00e0 vous informer de nos activit\u00e9s et de nos projets dans le Sud et en Belgique. Dans notre rapport annuel, nous vous donnons \u00e9galement un aper\u00e7u de notre situation financi\u00e8re. Si vous souhaitez recevoir un exemplaire du rapport annuel de Child-Help, vous pouvez nous contacter \u00e0 l'adresse suivante\u00a0<a href=\"mailto:info@dev-be.child-help.international?subject=Jaarrapport%20Child-Help\" target=\"_blank\" rel=\"noreferrer noopener\">info@dev-be.child-help.international<\/a>.<\/p>","protected":false},"excerpt":{"rendered":"<p>We houden u graag op de hoogte van onze activiteiten en projecten in het Zuiden en in Belgi\u00eb. Via ons jaarrapport geven we ook inzage in ons financieel overzicht. Indien u een exemplaar van het Child-Help jaarrapport wenst te ontvangen, contacteer ons dan via\u00a0info@dev-be.child-help.international.<\/p>","protected":false},"author":4,"featured_media":0,"parent":635,"menu_order":0,"comment_status":"closed","ping_status":"closed","template":"","meta":{"_acf_changed":false,"inline_featured_image":false,"footnotes":""},"class_list":["post-653","page","type-page","status-publish","hentry"],"acf":[],"yoast_head":"<!-- This site is optimized with the Yoast SEO plugin v27.0 - https:\/\/yoast.com\/product\/yoast-seo-wordpress\/ -->\n<title>Jaarverslagen - ChildHelp BE<\/title>\n<meta name=\"robots\" content=\"index, follow, max-snippet:-1, max-image-preview:large, max-video-preview:-1\" \/>\n<link rel=\"canonical\" href=\"https:\/\/dev-be.child-help.international\/fr\/publicaties\/jaarverslagen\/\" \/>\n<meta property=\"og:locale\" content=\"fr_FR\" \/>\n<meta property=\"og:type\" content=\"article\" \/>\n<meta property=\"og:title\" content=\"Jaarverslagen - ChildHelp BE\" \/>\n<meta property=\"og:description\" content=\"We houden u graag op de hoogte van onze activiteiten en projecten in het Zuiden en in Belgi\u00eb. Via ons jaarrapport geven we ook inzage in ons financieel overzicht. Indien u een exemplaar van het Child-Help jaarrapport wenst te ontvangen, contacteer ons dan via\u00a0info@dev-be.child-help.international.\" \/>\n<meta property=\"og:url\" content=\"https:\/\/dev-be.child-help.international\/fr\/publicaties\/jaarverslagen\/\" \/>\n<meta property=\"og:site_name\" content=\"ChildHelp BE\" \/>\n<meta property=\"article:publisher\" content=\"https:\/\/www.facebook.com\/CHInternational\/\" \/>\n<meta property=\"article:modified_time\" content=\"2024-08-09T11:50:19+00:00\" \/>\n<meta property=\"og:image\" content=\"https:\/\/dev-be.child-help.international\/wp-content\/uploads\/sites\/12\/2024\/02\/IF_Kenya-50-crop-1.jpg\" \/>\n\t<meta property=\"og:image:width\" content=\"1367\" \/>\n\t<meta property=\"og:image:height\" content=\"911\" \/>\n\t<meta property=\"og:image:type\" content=\"image\/jpeg\" \/>\n<meta name=\"twitter:card\" content=\"summary_large_image\" \/>\n<meta name=\"twitter:label1\" content=\"Dur\u00e9e de lecture est.\" \/>\n\t<meta name=\"twitter:data1\" content=\"1 minute\" \/>\n<script type=\"application\/ld+json\" class=\"yoast-schema-graph\">{\"@context\":\"https:\/\/schema.org\",\"@graph\":[{\"@type\":\"WebPage\",\"@id\":\"https:\/\/dev-be.child-help.international\/fr\/publicaties\/jaarverslagen\/\",\"url\":\"https:\/\/dev-be.child-help.international\/fr\/publicaties\/jaarverslagen\/\",\"name\":\"Jaarverslagen - ChildHelp BE\",\"isPartOf\":{\"@id\":\"https:\/\/dev-be.child-help.international\/fr\/#website\"},\"datePublished\":\"2023-12-19T09:08:46+00:00\",\"dateModified\":\"2024-08-09T11:50:19+00:00\",\"breadcrumb\":{\"@id\":\"https:\/\/dev-be.child-help.international\/fr\/publicaties\/jaarverslagen\/#breadcrumb\"},\"inLanguage\":\"fr-BE\",\"potentialAction\":[{\"@type\":\"ReadAction\",\"target\":[\"https:\/\/dev-be.child-help.international\/fr\/publicaties\/jaarverslagen\/\"]}]},{\"@type\":\"BreadcrumbList\",\"@id\":\"https:\/\/dev-be.child-help.international\/fr\/publicaties\/jaarverslagen\/#breadcrumb\",\"itemListElement\":[{\"@type\":\"ListItem\",\"position\":1,\"name\":\"Home\",\"item\":\"https:\/\/dev-be.child-help.international\/\"},{\"@type\":\"ListItem\",\"position\":2,\"name\":\"Publicaties\",\"item\":\"https:\/\/dev-be.child-help.international\/publicaties\/\"},{\"@type\":\"ListItem\",\"position\":3,\"name\":\"Jaarverslagen\"}]},{\"@type\":\"WebSite\",\"@id\":\"https:\/\/dev-be.child-help.international\/fr\/#website\",\"url\":\"https:\/\/dev-be.child-help.international\/fr\/\",\"name\":\"Child-Help Belgium\",\"description\":\"\",\"publisher\":{\"@id\":\"https:\/\/dev-be.child-help.international\/fr\/#organization\"},\"potentialAction\":[{\"@type\":\"SearchAction\",\"target\":{\"@type\":\"EntryPoint\",\"urlTemplate\":\"https:\/\/dev-be.child-help.international\/fr\/?s={search_term_string}\"},\"query-input\":{\"@type\":\"PropertyValueSpecification\",\"valueRequired\":true,\"valueName\":\"search_term_string\"}}],\"inLanguage\":\"fr-BE\"},{\"@type\":\"Organization\",\"@id\":\"https:\/\/dev-be.child-help.international\/fr\/#organization\",\"name\":\"Child-Help Belgium\",\"url\":\"https:\/\/dev-be.child-help.international\/fr\/\",\"logo\":{\"@type\":\"ImageObject\",\"inLanguage\":\"fr-BE\",\"@id\":\"https:\/\/dev-be.child-help.international\/fr\/#\/schema\/logo\/image\/\",\"url\":\"https:\/\/staging.dev-be.child-help.international\/wp-content\/uploads\/sites\/12\/2023\/10\/logo.png\",\"contentUrl\":\"https:\/\/staging.dev-be.child-help.international\/wp-content\/uploads\/sites\/12\/2023\/10\/logo.png\",\"width\":100,\"height\":58,\"caption\":\"Child-Help Belgium\"},\"image\":{\"@id\":\"https:\/\/dev-be.child-help.international\/fr\/#\/schema\/logo\/image\/\"},\"sameAs\":[\"https:\/\/www.facebook.com\/CHInternational\/\",\"https:\/\/www.instagram.com\/child_help.be\/\"]}]}<\/script>\n<!-- \/ Yoast SEO plugin. -->","yoast_head_json":{"title":"Jaarverslagen - ChildHelp BE","robots":{"index":"index","follow":"follow","max-snippet":"max-snippet:-1","max-image-preview":"max-image-preview:large","max-video-preview":"max-video-preview:-1"},"canonical":"https:\/\/dev-be.child-help.international\/fr\/publicaties\/jaarverslagen\/","og_locale":"fr_FR","og_type":"article","og_title":"Jaarverslagen - ChildHelp BE","og_description":"We houden u graag op de hoogte van onze activiteiten en projecten in het Zuiden en in Belgi\u00eb. Via ons jaarrapport geven we ook inzage in ons financieel overzicht. Indien u een exemplaar van het Child-Help jaarrapport wenst te ontvangen, contacteer ons dan via\u00a0info@dev-be.child-help.international.","og_url":"https:\/\/dev-be.child-help.international\/fr\/publicaties\/jaarverslagen\/","og_site_name":"ChildHelp BE","article_publisher":"https:\/\/www.facebook.com\/CHInternational\/","article_modified_time":"2024-08-09T11:50:19+00:00","og_image":[{"width":1367,"height":911,"url":"https:\/\/dev-be.child-help.international\/wp-content\/uploads\/sites\/12\/2024\/02\/IF_Kenya-50-crop-1.jpg","type":"image\/jpeg"}],"twitter_card":"summary_large_image","twitter_misc":{"Dur\u00e9e de lecture est.":"1 minute"},"schema":{"@context":"https:\/\/schema.org","@graph":[{"@type":"WebPage","@id":"https:\/\/dev-be.child-help.international\/fr\/publicaties\/jaarverslagen\/","url":"https:\/\/dev-be.child-help.international\/fr\/publicaties\/jaarverslagen\/","name":"Jaarverslagen - ChildHelp BE","isPartOf":{"@id":"https:\/\/dev-be.child-help.international\/fr\/#website"},"datePublished":"2023-12-19T09:08:46+00:00","dateModified":"2024-08-09T11:50:19+00:00","breadcrumb":{"@id":"https:\/\/dev-be.child-help.international\/fr\/publicaties\/jaarverslagen\/#breadcrumb"},"inLanguage":"fr-BE","potentialAction":[{"@type":"ReadAction","target":["https:\/\/dev-be.child-help.international\/fr\/publicaties\/jaarverslagen\/"]}]},{"@type":"BreadcrumbList","@id":"https:\/\/dev-be.child-help.international\/fr\/publicaties\/jaarverslagen\/#breadcrumb","itemListElement":[{"@type":"ListItem","position":1,"name":"Home","item":"https:\/\/dev-be.child-help.international\/"},{"@type":"ListItem","position":2,"name":"Publicaties","item":"https:\/\/dev-be.child-help.international\/publicaties\/"},{"@type":"ListItem","position":3,"name":"Jaarverslagen"}]},{"@type":"WebSite","@id":"https:\/\/dev-be.child-help.international\/fr\/#website","url":"https:\/\/dev-be.child-help.international\/fr\/","name":"Child-Help Belgium","description":"","publisher":{"@id":"https:\/\/dev-be.child-help.international\/fr\/#organization"},"potentialAction":[{"@type":"SearchAction","target":{"@type":"EntryPoint","urlTemplate":"https:\/\/dev-be.child-help.international\/fr\/?s={search_term_string}"},"query-input":{"@type":"PropertyValueSpecification","valueRequired":true,"valueName":"search_term_string"}}],"inLanguage":"fr-BE"},{"@type":"Organization","@id":"https:\/\/dev-be.child-help.international\/fr\/#organization","name":"Child-Help Belgium","url":"https:\/\/dev-be.child-help.international\/fr\/","logo":{"@type":"ImageObject","inLanguage":"fr-BE","@id":"https:\/\/dev-be.child-help.international\/fr\/#\/schema\/logo\/image\/","url":"https:\/\/staging.dev-be.child-help.international\/wp-content\/uploads\/sites\/12\/2023\/10\/logo.png","contentUrl":"https:\/\/staging.dev-be.child-help.international\/wp-content\/uploads\/sites\/12\/2023\/10\/logo.png","width":100,"height":58,"caption":"Child-Help Belgium"},"image":{"@id":"https:\/\/dev-be.child-help.international\/fr\/#\/schema\/logo\/image\/"},"sameAs":["https:\/\/www.facebook.com\/CHInternational\/","https:\/\/www.instagram.com\/child_help.be\/"]}]}},"_links":{"self":[{"href":"https:\/\/dev-be.child-help.international\/fr\/wp-json\/wp\/v2\/pages\/653","targetHints":{"allow":["GET"]}}],"collection":[{"href":"https:\/\/dev-be.child-help.international\/fr\/wp-json\/wp\/v2\/pages"}],"about":[{"href":"https:\/\/dev-be.child-help.international\/fr\/wp-json\/wp\/v2\/types\/page"}],"author":[{"embeddable":true,"href":"https:\/\/dev-be.child-help.international\/fr\/wp-json\/wp\/v2\/users\/4"}],"replies":[{"embeddable":true,"href":"https:\/\/dev-be.child-help.international\/fr\/wp-json\/wp\/v2\/comments?post=653"}],"version-history":[{"count":28,"href":"https:\/\/dev-be.child-help.international\/fr\/wp-json\/wp\/v2\/pages\/653\/revisions"}],"predecessor-version":[{"id":1921,"href":"https:\/\/dev-be.child-help.international\/fr\/wp-json\/wp\/v2\/pages\/653\/revisions\/1921"}],"up":[{"embeddable":true,"href":"https:\/\/dev-be.child-help.international\/fr\/wp-json\/wp\/v2\/pages\/635"}],"wp:attachment":[{"href":"https:\/\/dev-be.child-help.international\/fr\/wp-json\/wp\/v2\/media?parent=653"}],"curies":[{"name":"wp","href":"https:\/\/api.w.org\/{rel}","templated":true}]}}