{"id":659,"date":"2023-12-19T09:12:34","date_gmt":"2023-12-19T09:12:34","guid":{"rendered":"https:\/\/belgium.child-help.international\/?page_id=659"},"modified":"2024-02-28T13:04:25","modified_gmt":"2024-02-28T13:04:25","slug":"partners","status":"publish","type":"page","link":"https:\/\/dev-be.child-help.international\/fr\/over\/partners\/","title":{"rendered":"Partenaires"},"content":{"rendered":"<p>Pour atteindre ses objectifs, Child-Help travaille en \u00e9troite collaboration avec les organisations suivantes\u00a0<strong>en collaboration avec d'autres ONG<\/strong>\u00a0par exemple :<\/p>\n<ul>\n<li><a href=\"https:\/\/newsite.ccbrt.org\/\">CCBRT - R\u00e9habilitation globale \u00e0 base communautaire en Tanzanie<\/a><\/li>\n<li>Maisons du Cheshire<\/li>\n<li><a href=\"https:\/\/cure.org\/cure-neuro\/\">CURE Neuro<\/a><\/li>\n<li><a href=\"https:\/\/www.iddcconsortium.net\/\">IDDC - Consortium international sur le handicap et le d\u00e9veloppement<\/a><\/li>\n<li>GPDD - Partenariat mondial pour le handicap et le d\u00e9veloppement<\/li>\n<li><a href=\"https:\/\/www.hi.org\/en\/index\">Handicap International<\/a><\/li>\n<li><a href=\"https:\/\/www.lilianefonds.org\/\">Fonds Liliane<\/a><\/li>\n<li><a href=\"https:\/\/www.pazholandesa.pe\/\">Paz Holandesa P\u00e9rou<\/a><\/li>\n<li><a href=\"https:\/\/rbu.se\/\">RBU - Association su\u00e9doise des parents d'\u00e9l\u00e8ves<\/a><\/li>\n<li><a href=\"https:\/\/www.rickhansen.com\/\">RHF - Association norv\u00e9gienne des parents d'\u00e9l\u00e8ves<\/a><\/li>\n<li><a href=\"https:\/\/www.who.int\/\">OMS - Organisation mondiale de la sant\u00e9<\/a><\/li>\n<\/ul>","protected":false},"excerpt":{"rendered":"<p>Om haar doelstellingen te bereiken werkt Child-Help nauw\u00a0samen met andere NGO&#8217;s\u00a0zoals: CCBRT &#8211; Comprehensive Community Based Rehabilitation in Tanzania Cheshire Homes CURE Neuro IDDC &#8211; International Disability and Development Consortium GPDD \u2013 Global Partnership for Disability and Development Handicap International Liliane Fonds Paz Holandesa Peru RBU &#8211; Zweedse oudervereniging RHF &#8211; Noorse oudervereniging WHO &#8211; [&hellip;]<\/p>","protected":false},"author":4,"featured_media":0,"parent":172,"menu_order":0,"comment_status":"closed","ping_status":"closed","template":"","meta":{"_acf_changed":false,"inline_featured_image":false,"footnotes":""},"class_list":["post-659","page","type-page","status-publish","hentry"],"acf":[],"yoast_head":"<!-- This site is optimized with the Yoast SEO plugin v27.0 - https:\/\/yoast.com\/product\/yoast-seo-wordpress\/ -->\n<title>Partners - ChildHelp BE<\/title>\n<meta name=\"robots\" content=\"index, follow, max-snippet:-1, max-image-preview:large, max-video-preview:-1\" \/>\n<link rel=\"canonical\" href=\"https:\/\/dev-be.child-help.international\/fr\/over\/partners\/\" \/>\n<meta property=\"og:locale\" content=\"fr_FR\" \/>\n<meta property=\"og:type\" content=\"article\" \/>\n<meta property=\"og:title\" content=\"Partners - ChildHelp BE\" \/>\n<meta property=\"og:description\" content=\"Om haar doelstellingen te bereiken werkt Child-Help nauw\u00a0samen met andere NGO&#8217;s\u00a0zoals: CCBRT &#8211; Comprehensive Community Based Rehabilitation in Tanzania Cheshire Homes CURE Neuro IDDC &#8211; International Disability and Development Consortium GPDD \u2013 Global Partnership for Disability and Development Handicap International Liliane Fonds Paz Holandesa Peru RBU &#8211; Zweedse oudervereniging RHF &#8211; Noorse oudervereniging WHO &#8211; [&hellip;]\" \/>\n<meta property=\"og:url\" content=\"https:\/\/dev-be.child-help.international\/fr\/over\/partners\/\" \/>\n<meta property=\"og:site_name\" content=\"ChildHelp BE\" \/>\n<meta property=\"article:publisher\" content=\"https:\/\/www.facebook.com\/CHInternational\/\" \/>\n<meta property=\"article:modified_time\" content=\"2024-02-28T13:04:25+00:00\" \/>\n<meta property=\"og:image\" content=\"https:\/\/dev-be.child-help.international\/wp-content\/uploads\/sites\/12\/2024\/02\/IF_Kenya-50-crop-1.jpg\" \/>\n\t<meta property=\"og:image:width\" content=\"1367\" \/>\n\t<meta property=\"og:image:height\" content=\"911\" \/>\n\t<meta property=\"og:image:type\" content=\"image\/jpeg\" \/>\n<meta name=\"twitter:card\" content=\"summary_large_image\" \/>\n<meta name=\"twitter:label1\" content=\"Dur\u00e9e de lecture est.\" \/>\n\t<meta name=\"twitter:data1\" content=\"1 minute\" \/>\n<script type=\"application\/ld+json\" class=\"yoast-schema-graph\">{\"@context\":\"https:\/\/schema.org\",\"@graph\":[{\"@type\":\"WebPage\",\"@id\":\"https:\/\/dev-be.child-help.international\/fr\/over\/partners\/\",\"url\":\"https:\/\/dev-be.child-help.international\/fr\/over\/partners\/\",\"name\":\"Partners - ChildHelp BE\",\"isPartOf\":{\"@id\":\"https:\/\/dev-be.child-help.international\/fr\/#website\"},\"datePublished\":\"2023-12-19T09:12:34+00:00\",\"dateModified\":\"2024-02-28T13:04:25+00:00\",\"breadcrumb\":{\"@id\":\"https:\/\/dev-be.child-help.international\/fr\/over\/partners\/#breadcrumb\"},\"inLanguage\":\"fr-BE\",\"potentialAction\":[{\"@type\":\"ReadAction\",\"target\":[\"https:\/\/dev-be.child-help.international\/fr\/over\/partners\/\"]}]},{\"@type\":\"BreadcrumbList\",\"@id\":\"https:\/\/dev-be.child-help.international\/fr\/over\/partners\/#breadcrumb\",\"itemListElement\":[{\"@type\":\"ListItem\",\"position\":1,\"name\":\"Home\",\"item\":\"https:\/\/dev-be.child-help.international\/\"},{\"@type\":\"ListItem\",\"position\":2,\"name\":\"Over ons\",\"item\":\"https:\/\/dev-be.child-help.international\/over\/\"},{\"@type\":\"ListItem\",\"position\":3,\"name\":\"Partners\"}]},{\"@type\":\"WebSite\",\"@id\":\"https:\/\/dev-be.child-help.international\/fr\/#website\",\"url\":\"https:\/\/dev-be.child-help.international\/fr\/\",\"name\":\"Child-Help Belgium\",\"description\":\"\",\"publisher\":{\"@id\":\"https:\/\/dev-be.child-help.international\/fr\/#organization\"},\"potentialAction\":[{\"@type\":\"SearchAction\",\"target\":{\"@type\":\"EntryPoint\",\"urlTemplate\":\"https:\/\/dev-be.child-help.international\/fr\/?s={search_term_string}\"},\"query-input\":{\"@type\":\"PropertyValueSpecification\",\"valueRequired\":true,\"valueName\":\"search_term_string\"}}],\"inLanguage\":\"fr-BE\"},{\"@type\":\"Organization\",\"@id\":\"https:\/\/dev-be.child-help.international\/fr\/#organization\",\"name\":\"Child-Help Belgium\",\"url\":\"https:\/\/dev-be.child-help.international\/fr\/\",\"logo\":{\"@type\":\"ImageObject\",\"inLanguage\":\"fr-BE\",\"@id\":\"https:\/\/dev-be.child-help.international\/fr\/#\/schema\/logo\/image\/\",\"url\":\"https:\/\/staging.dev-be.child-help.international\/wp-content\/uploads\/sites\/12\/2023\/10\/logo.png\",\"contentUrl\":\"https:\/\/staging.dev-be.child-help.international\/wp-content\/uploads\/sites\/12\/2023\/10\/logo.png\",\"width\":100,\"height\":58,\"caption\":\"Child-Help Belgium\"},\"image\":{\"@id\":\"https:\/\/dev-be.child-help.international\/fr\/#\/schema\/logo\/image\/\"},\"sameAs\":[\"https:\/\/www.facebook.com\/CHInternational\/\",\"https:\/\/www.instagram.com\/child_help.be\/\"]}]}<\/script>\n<!-- \/ Yoast SEO plugin. -->","yoast_head_json":{"title":"Partners - ChildHelp BE","robots":{"index":"index","follow":"follow","max-snippet":"max-snippet:-1","max-image-preview":"max-image-preview:large","max-video-preview":"max-video-preview:-1"},"canonical":"https:\/\/dev-be.child-help.international\/fr\/over\/partners\/","og_locale":"fr_FR","og_type":"article","og_title":"Partners - ChildHelp BE","og_description":"Om haar doelstellingen te bereiken werkt Child-Help nauw\u00a0samen met andere NGO&#8217;s\u00a0zoals: CCBRT &#8211; Comprehensive Community Based Rehabilitation in Tanzania Cheshire Homes CURE Neuro IDDC &#8211; International Disability and Development Consortium GPDD \u2013 Global Partnership for Disability and Development Handicap International Liliane Fonds Paz Holandesa Peru RBU &#8211; Zweedse oudervereniging RHF &#8211; Noorse oudervereniging WHO &#8211; [&hellip;]","og_url":"https:\/\/dev-be.child-help.international\/fr\/over\/partners\/","og_site_name":"ChildHelp BE","article_publisher":"https:\/\/www.facebook.com\/CHInternational\/","article_modified_time":"2024-02-28T13:04:25+00:00","og_image":[{"width":1367,"height":911,"url":"https:\/\/dev-be.child-help.international\/wp-content\/uploads\/sites\/12\/2024\/02\/IF_Kenya-50-crop-1.jpg","type":"image\/jpeg"}],"twitter_card":"summary_large_image","twitter_misc":{"Dur\u00e9e de lecture est.":"1 minute"},"schema":{"@context":"https:\/\/schema.org","@graph":[{"@type":"WebPage","@id":"https:\/\/dev-be.child-help.international\/fr\/over\/partners\/","url":"https:\/\/dev-be.child-help.international\/fr\/over\/partners\/","name":"Partners - ChildHelp BE","isPartOf":{"@id":"https:\/\/dev-be.child-help.international\/fr\/#website"},"datePublished":"2023-12-19T09:12:34+00:00","dateModified":"2024-02-28T13:04:25+00:00","breadcrumb":{"@id":"https:\/\/dev-be.child-help.international\/fr\/over\/partners\/#breadcrumb"},"inLanguage":"fr-BE","potentialAction":[{"@type":"ReadAction","target":["https:\/\/dev-be.child-help.international\/fr\/over\/partners\/"]}]},{"@type":"BreadcrumbList","@id":"https:\/\/dev-be.child-help.international\/fr\/over\/partners\/#breadcrumb","itemListElement":[{"@type":"ListItem","position":1,"name":"Home","item":"https:\/\/dev-be.child-help.international\/"},{"@type":"ListItem","position":2,"name":"Over ons","item":"https:\/\/dev-be.child-help.international\/over\/"},{"@type":"ListItem","position":3,"name":"Partners"}]},{"@type":"WebSite","@id":"https:\/\/dev-be.child-help.international\/fr\/#website","url":"https:\/\/dev-be.child-help.international\/fr\/","name":"Child-Help Belgium","description":"","publisher":{"@id":"https:\/\/dev-be.child-help.international\/fr\/#organization"},"potentialAction":[{"@type":"SearchAction","target":{"@type":"EntryPoint","urlTemplate":"https:\/\/dev-be.child-help.international\/fr\/?s={search_term_string}"},"query-input":{"@type":"PropertyValueSpecification","valueRequired":true,"valueName":"search_term_string"}}],"inLanguage":"fr-BE"},{"@type":"Organization","@id":"https:\/\/dev-be.child-help.international\/fr\/#organization","name":"Child-Help Belgium","url":"https:\/\/dev-be.child-help.international\/fr\/","logo":{"@type":"ImageObject","inLanguage":"fr-BE","@id":"https:\/\/dev-be.child-help.international\/fr\/#\/schema\/logo\/image\/","url":"https:\/\/staging.dev-be.child-help.international\/wp-content\/uploads\/sites\/12\/2023\/10\/logo.png","contentUrl":"https:\/\/staging.dev-be.child-help.international\/wp-content\/uploads\/sites\/12\/2023\/10\/logo.png","width":100,"height":58,"caption":"Child-Help Belgium"},"image":{"@id":"https:\/\/dev-be.child-help.international\/fr\/#\/schema\/logo\/image\/"},"sameAs":["https:\/\/www.facebook.com\/CHInternational\/","https:\/\/www.instagram.com\/child_help.be\/"]}]}},"_links":{"self":[{"href":"https:\/\/dev-be.child-help.international\/fr\/wp-json\/wp\/v2\/pages\/659","targetHints":{"allow":["GET"]}}],"collection":[{"href":"https:\/\/dev-be.child-help.international\/fr\/wp-json\/wp\/v2\/pages"}],"about":[{"href":"https:\/\/dev-be.child-help.international\/fr\/wp-json\/wp\/v2\/types\/page"}],"author":[{"embeddable":true,"href":"https:\/\/dev-be.child-help.international\/fr\/wp-json\/wp\/v2\/users\/4"}],"replies":[{"embeddable":true,"href":"https:\/\/dev-be.child-help.international\/fr\/wp-json\/wp\/v2\/comments?post=659"}],"version-history":[{"count":3,"href":"https:\/\/dev-be.child-help.international\/fr\/wp-json\/wp\/v2\/pages\/659\/revisions"}],"predecessor-version":[{"id":1117,"href":"https:\/\/dev-be.child-help.international\/fr\/wp-json\/wp\/v2\/pages\/659\/revisions\/1117"}],"up":[{"embeddable":true,"href":"https:\/\/dev-be.child-help.international\/fr\/wp-json\/wp\/v2\/pages\/172"}],"wp:attachment":[{"href":"https:\/\/dev-be.child-help.international\/fr\/wp-json\/wp\/v2\/media?parent=659"}],"curies":[{"name":"wp","href":"https:\/\/api.w.org\/{rel}","templated":true}]}}