{"id":732,"date":"2024-01-30T10:47:18","date_gmt":"2024-01-30T10:47:18","guid":{"rendered":"https:\/\/staging.dev-be.child-help.international\/?page_id=732"},"modified":"2024-02-28T13:04:51","modified_gmt":"2024-02-28T13:04:51","slug":"links","status":"publish","type":"page","link":"https:\/\/dev-be.child-help.international\/fr\/over\/links\/","title":{"rendered":"Liens"},"content":{"rendered":"<p><strong><a title=\"child-help international\" href=\"https:\/\/child-help.international\/\" target=\"_blank\" rel=\"noreferrer noopener\">Child-Help International<\/a><\/strong><\/p>\n<p>Outre Child-Help Belgique, Child-Help a \u00e9t\u00e9 lanc\u00e9 en Italie et aux Pays-Bas en 2014. Child-Help Allemagne a \u00e9t\u00e9 fond\u00e9 en 2015 et Child-Help France en 2016. En 2019, Child-Help Tanzanie a \u00e9t\u00e9 lanc\u00e9.<\/p>\n<p>Ensemble, ces associations forment leur organisation fa\u00eeti\u00e8re\u00a0<a title=\"child-help international\" href=\"https:\/\/child-help.international\/\" target=\"_blank\" rel=\"noreferrer noopener\">Child-Help International<\/a>.<\/p>\n<p><strong><a href=\"https:\/\/ifchildhelp.wordpress.com\/\">Seppe en Afrique<\/a><\/strong><\/p>\n<p>Pierre Mertens, directeur de Child-Help, et son fils Maarten, auteur et acteur, par exemple Seppe Cremer de Kaat&amp;Co (un), ont visit\u00e9 des projets de Child-Help en Afrique de l'Est.<\/p>\n<p><strong><a href=\"https:\/\/www.ifglobal.org\/\" target=\"_blank\" rel=\"noreferrer noopener\">IF Global<\/a><\/strong><\/p>\n<p>La F\u00e9d\u00e9ration internationale pour le spina-bifida et l'hydroc\u00e9phalie (FI) est l'organisation fa\u00eeti\u00e8re mondiale pour le spina-bifida et l'hydroc\u00e9phalie, fond\u00e9e en 1979 par des organisations nationales de personnes atteintes de ces handicaps et de leurs parents.<\/p>\n<p><strong><a href=\"https:\/\/www.spinabifida.be\/\" target=\"_blank\" rel=\"noreferrer noopener\">Association flamande pour le spina-bifida et l'hydroc\u00e9phalie<\/a><\/strong><\/p>\n<p>L'association a \u00e9t\u00e9 cr\u00e9\u00e9e en 1979 en tant que groupe d'entraide par et pour les personnes atteintes de spina bifida et leurs familles. La mission de l'association est d'am\u00e9liorer la qualit\u00e9 de vie et les soins des personnes atteintes de spina bifida et de r\u00e9duire l'incidence de la maladie.<\/p>","protected":false},"excerpt":{"rendered":"<p>Child-Help International Naast Child-Help Belgi\u00eb ging in 2014 Child-Help in Itali\u00eb en Nederland van start. In 2015 werd Child-Help Duitsland opgericht en in 2016 Child-Help Frankrijk. In 2019 ging Child-Help Tanzania van start. Deze verenigingen vormen samen hun koepelorganisatie\u00a0Child-Help International. Seppe in Afrika Pierre Mertens, directeur van Child-Help, en zijn zoon Maarten, auteur en acteur, [&hellip;]<\/p>","protected":false},"author":4,"featured_media":0,"parent":172,"menu_order":0,"comment_status":"closed","ping_status":"closed","template":"","meta":{"_acf_changed":false,"inline_featured_image":false,"footnotes":""},"class_list":["post-732","page","type-page","status-publish","hentry"],"acf":[],"yoast_head":"<!-- This site is optimized with the Yoast SEO plugin v27.0 - https:\/\/yoast.com\/product\/yoast-seo-wordpress\/ -->\n<title>Links - ChildHelp BE<\/title>\n<meta name=\"robots\" content=\"index, follow, max-snippet:-1, max-image-preview:large, max-video-preview:-1\" \/>\n<link rel=\"canonical\" href=\"https:\/\/dev-be.child-help.international\/fr\/over\/links\/\" \/>\n<meta property=\"og:locale\" content=\"fr_FR\" \/>\n<meta property=\"og:type\" content=\"article\" \/>\n<meta property=\"og:title\" content=\"Links - ChildHelp BE\" \/>\n<meta property=\"og:description\" content=\"Child-Help International Naast Child-Help Belgi\u00eb ging in 2014 Child-Help in Itali\u00eb en Nederland van start. In 2015 werd Child-Help Duitsland opgericht en in 2016 Child-Help Frankrijk. In 2019 ging Child-Help Tanzania van start. Deze verenigingen vormen samen hun koepelorganisatie\u00a0Child-Help International. Seppe in Afrika Pierre Mertens, directeur van Child-Help, en zijn zoon Maarten, auteur en acteur, [&hellip;]\" \/>\n<meta property=\"og:url\" content=\"https:\/\/dev-be.child-help.international\/fr\/over\/links\/\" \/>\n<meta property=\"og:site_name\" content=\"ChildHelp BE\" \/>\n<meta property=\"article:publisher\" content=\"https:\/\/www.facebook.com\/CHInternational\/\" \/>\n<meta property=\"article:modified_time\" content=\"2024-02-28T13:04:51+00:00\" \/>\n<meta property=\"og:image\" content=\"https:\/\/dev-be.child-help.international\/wp-content\/uploads\/sites\/12\/2024\/02\/IF_Kenya-50-crop-1.jpg\" \/>\n\t<meta property=\"og:image:width\" content=\"1367\" \/>\n\t<meta property=\"og:image:height\" content=\"911\" \/>\n\t<meta property=\"og:image:type\" content=\"image\/jpeg\" \/>\n<meta name=\"twitter:card\" content=\"summary_large_image\" \/>\n<meta name=\"twitter:label1\" content=\"Dur\u00e9e de lecture est.\" \/>\n\t<meta name=\"twitter:data1\" content=\"1 minute\" \/>\n<script type=\"application\/ld+json\" class=\"yoast-schema-graph\">{\"@context\":\"https:\/\/schema.org\",\"@graph\":[{\"@type\":\"WebPage\",\"@id\":\"https:\/\/dev-be.child-help.international\/fr\/over\/links\/\",\"url\":\"https:\/\/dev-be.child-help.international\/fr\/over\/links\/\",\"name\":\"Links - ChildHelp BE\",\"isPartOf\":{\"@id\":\"https:\/\/dev-be.child-help.international\/fr\/#website\"},\"datePublished\":\"2024-01-30T10:47:18+00:00\",\"dateModified\":\"2024-02-28T13:04:51+00:00\",\"breadcrumb\":{\"@id\":\"https:\/\/dev-be.child-help.international\/fr\/over\/links\/#breadcrumb\"},\"inLanguage\":\"fr-BE\",\"potentialAction\":[{\"@type\":\"ReadAction\",\"target\":[\"https:\/\/dev-be.child-help.international\/fr\/over\/links\/\"]}]},{\"@type\":\"BreadcrumbList\",\"@id\":\"https:\/\/dev-be.child-help.international\/fr\/over\/links\/#breadcrumb\",\"itemListElement\":[{\"@type\":\"ListItem\",\"position\":1,\"name\":\"Home\",\"item\":\"https:\/\/dev-be.child-help.international\/\"},{\"@type\":\"ListItem\",\"position\":2,\"name\":\"Over ons\",\"item\":\"https:\/\/dev-be.child-help.international\/over\/\"},{\"@type\":\"ListItem\",\"position\":3,\"name\":\"Links\"}]},{\"@type\":\"WebSite\",\"@id\":\"https:\/\/dev-be.child-help.international\/fr\/#website\",\"url\":\"https:\/\/dev-be.child-help.international\/fr\/\",\"name\":\"Child-Help Belgium\",\"description\":\"\",\"publisher\":{\"@id\":\"https:\/\/dev-be.child-help.international\/fr\/#organization\"},\"potentialAction\":[{\"@type\":\"SearchAction\",\"target\":{\"@type\":\"EntryPoint\",\"urlTemplate\":\"https:\/\/dev-be.child-help.international\/fr\/?s={search_term_string}\"},\"query-input\":{\"@type\":\"PropertyValueSpecification\",\"valueRequired\":true,\"valueName\":\"search_term_string\"}}],\"inLanguage\":\"fr-BE\"},{\"@type\":\"Organization\",\"@id\":\"https:\/\/dev-be.child-help.international\/fr\/#organization\",\"name\":\"Child-Help Belgium\",\"url\":\"https:\/\/dev-be.child-help.international\/fr\/\",\"logo\":{\"@type\":\"ImageObject\",\"inLanguage\":\"fr-BE\",\"@id\":\"https:\/\/dev-be.child-help.international\/fr\/#\/schema\/logo\/image\/\",\"url\":\"https:\/\/staging.dev-be.child-help.international\/wp-content\/uploads\/sites\/12\/2023\/10\/logo.png\",\"contentUrl\":\"https:\/\/staging.dev-be.child-help.international\/wp-content\/uploads\/sites\/12\/2023\/10\/logo.png\",\"width\":100,\"height\":58,\"caption\":\"Child-Help Belgium\"},\"image\":{\"@id\":\"https:\/\/dev-be.child-help.international\/fr\/#\/schema\/logo\/image\/\"},\"sameAs\":[\"https:\/\/www.facebook.com\/CHInternational\/\",\"https:\/\/www.instagram.com\/child_help.be\/\"]}]}<\/script>\n<!-- \/ Yoast SEO plugin. -->","yoast_head_json":{"title":"Links - ChildHelp BE","robots":{"index":"index","follow":"follow","max-snippet":"max-snippet:-1","max-image-preview":"max-image-preview:large","max-video-preview":"max-video-preview:-1"},"canonical":"https:\/\/dev-be.child-help.international\/fr\/over\/links\/","og_locale":"fr_FR","og_type":"article","og_title":"Links - ChildHelp BE","og_description":"Child-Help International Naast Child-Help Belgi\u00eb ging in 2014 Child-Help in Itali\u00eb en Nederland van start. In 2015 werd Child-Help Duitsland opgericht en in 2016 Child-Help Frankrijk. In 2019 ging Child-Help Tanzania van start. Deze verenigingen vormen samen hun koepelorganisatie\u00a0Child-Help International. Seppe in Afrika Pierre Mertens, directeur van Child-Help, en zijn zoon Maarten, auteur en acteur, [&hellip;]","og_url":"https:\/\/dev-be.child-help.international\/fr\/over\/links\/","og_site_name":"ChildHelp BE","article_publisher":"https:\/\/www.facebook.com\/CHInternational\/","article_modified_time":"2024-02-28T13:04:51+00:00","og_image":[{"width":1367,"height":911,"url":"https:\/\/dev-be.child-help.international\/wp-content\/uploads\/sites\/12\/2024\/02\/IF_Kenya-50-crop-1.jpg","type":"image\/jpeg"}],"twitter_card":"summary_large_image","twitter_misc":{"Dur\u00e9e de lecture est.":"1 minute"},"schema":{"@context":"https:\/\/schema.org","@graph":[{"@type":"WebPage","@id":"https:\/\/dev-be.child-help.international\/fr\/over\/links\/","url":"https:\/\/dev-be.child-help.international\/fr\/over\/links\/","name":"Links - ChildHelp BE","isPartOf":{"@id":"https:\/\/dev-be.child-help.international\/fr\/#website"},"datePublished":"2024-01-30T10:47:18+00:00","dateModified":"2024-02-28T13:04:51+00:00","breadcrumb":{"@id":"https:\/\/dev-be.child-help.international\/fr\/over\/links\/#breadcrumb"},"inLanguage":"fr-BE","potentialAction":[{"@type":"ReadAction","target":["https:\/\/dev-be.child-help.international\/fr\/over\/links\/"]}]},{"@type":"BreadcrumbList","@id":"https:\/\/dev-be.child-help.international\/fr\/over\/links\/#breadcrumb","itemListElement":[{"@type":"ListItem","position":1,"name":"Home","item":"https:\/\/dev-be.child-help.international\/"},{"@type":"ListItem","position":2,"name":"Over ons","item":"https:\/\/dev-be.child-help.international\/over\/"},{"@type":"ListItem","position":3,"name":"Links"}]},{"@type":"WebSite","@id":"https:\/\/dev-be.child-help.international\/fr\/#website","url":"https:\/\/dev-be.child-help.international\/fr\/","name":"Child-Help Belgium","description":"","publisher":{"@id":"https:\/\/dev-be.child-help.international\/fr\/#organization"},"potentialAction":[{"@type":"SearchAction","target":{"@type":"EntryPoint","urlTemplate":"https:\/\/dev-be.child-help.international\/fr\/?s={search_term_string}"},"query-input":{"@type":"PropertyValueSpecification","valueRequired":true,"valueName":"search_term_string"}}],"inLanguage":"fr-BE"},{"@type":"Organization","@id":"https:\/\/dev-be.child-help.international\/fr\/#organization","name":"Child-Help Belgium","url":"https:\/\/dev-be.child-help.international\/fr\/","logo":{"@type":"ImageObject","inLanguage":"fr-BE","@id":"https:\/\/dev-be.child-help.international\/fr\/#\/schema\/logo\/image\/","url":"https:\/\/staging.dev-be.child-help.international\/wp-content\/uploads\/sites\/12\/2023\/10\/logo.png","contentUrl":"https:\/\/staging.dev-be.child-help.international\/wp-content\/uploads\/sites\/12\/2023\/10\/logo.png","width":100,"height":58,"caption":"Child-Help Belgium"},"image":{"@id":"https:\/\/dev-be.child-help.international\/fr\/#\/schema\/logo\/image\/"},"sameAs":["https:\/\/www.facebook.com\/CHInternational\/","https:\/\/www.instagram.com\/child_help.be\/"]}]}},"_links":{"self":[{"href":"https:\/\/dev-be.child-help.international\/fr\/wp-json\/wp\/v2\/pages\/732","targetHints":{"allow":["GET"]}}],"collection":[{"href":"https:\/\/dev-be.child-help.international\/fr\/wp-json\/wp\/v2\/pages"}],"about":[{"href":"https:\/\/dev-be.child-help.international\/fr\/wp-json\/wp\/v2\/types\/page"}],"author":[{"embeddable":true,"href":"https:\/\/dev-be.child-help.international\/fr\/wp-json\/wp\/v2\/users\/4"}],"replies":[{"embeddable":true,"href":"https:\/\/dev-be.child-help.international\/fr\/wp-json\/wp\/v2\/comments?post=732"}],"version-history":[{"count":1,"href":"https:\/\/dev-be.child-help.international\/fr\/wp-json\/wp\/v2\/pages\/732\/revisions"}],"predecessor-version":[{"id":733,"href":"https:\/\/dev-be.child-help.international\/fr\/wp-json\/wp\/v2\/pages\/732\/revisions\/733"}],"up":[{"embeddable":true,"href":"https:\/\/dev-be.child-help.international\/fr\/wp-json\/wp\/v2\/pages\/172"}],"wp:attachment":[{"href":"https:\/\/dev-be.child-help.international\/fr\/wp-json\/wp\/v2\/media?parent=732"}],"curies":[{"name":"wp","href":"https:\/\/api.w.org\/{rel}","templated":true}]}}